{"id":31,"date":"2017-05-31T16:44:22","date_gmt":"2017-05-31T16:44:22","guid":{"rendered":"http:\/\/vlasovapawlica.de\/?page_id=31"},"modified":"2024-01-12T13:45:52","modified_gmt":"2024-01-12T11:45:52","slug":"ueber-uns","status":"publish","type":"page","link":"https:\/\/vlasovapawlica.de\/?page_id=31","title":{"rendered":"\u00dcBER UNS"},"content":{"rendered":"<p><strong>Katerina Vlasova<\/strong> (* 14.02.1986) und <strong>Amadeus Pawlica<\/strong> (* 05.04.1987) haben sich am Theater L\u00fcneburg kennengelernt, wo sie auch ihre erste gemeinsame Arbeit \u201eDer Weg\u201c realisierten.<br \/>\nKaterina Vlasova, die ihre Ausbildung an der Hochschule f\u00fcr Musik und Tanz in K\u00f6ln absolviert hat, war von der Spielzeit 10\/11 bis zur Spielzeit 14\/15 am Theater L\u00fcneburg engagiert, davor als Gastt\u00e4nzerin beim Aalto Ballett in Essen.<\/p>\n<p>Amadeus Pawlica, der seine Ausbildung an der Akademie des Tanzes in Mannheim und an der Royal Ballet School in London absolviert hat, war in der Spielzeit 09\/10 an der Staatsoper Bydgoszcz, dann von der Spielzeit 10\/11 bis zur Spielzeit 11\/12 am Theater L\u00fcneburg und von der Spielzeit 12\/13 bis 15\/16 am Theater Osnabr\u00fcck engagiert.<\/p>\n<p>Im Januar 2016 entschlossen sie gemeinsam als Duo Vlasova \/ Pawlica zu arbeiten.<\/p>\n<p>Ihre Arbeit wurde gelobt durch ihre \u201e<i>unglaublichen Pr\u00e4senz und Virtuosit\u00e4t<\/i>\u201c.<\/p>\n<p>Ein Jurymitglied des Kaleidoskop Festival \u00e4u\u00dferte sich in seiner Beurteilung: <i>\u201eEs trifft die eigentlichen Themen der jungen Menschen und tut dies auf eine beeindruckende Weise, der sich keine Besucherin, kein Besucher entziehen kann.\u201c<\/i><\/p>\n<p>Das Ziel des Duos ist es die Magie des Theaters weiterhin auszudehnen und auch junges Publikum anzulocken. Choreografisch legen Vlasova \/ Pawlica gro\u00dfen Wert auf Qualit\u00e4t und Emotionali\u00e4t der Bewegung, den K\u00f6rper an seine Grenzen bringend um auch emotionale Welten zu \u00f6ffnen.<\/p>\n<p><strong>Preise \/ Anerkennungen:<\/strong><\/p>\n<p>Kaleidoskop Festival Jury-Favorit<\/p>\n<p>MADE.Festival Auswahl<\/p>\n<p>FLUX Festival Auswahl<\/p>\n<p>Stipendiaten des Landes NRW, des Landes Th\u00fcringen und der Konrad Adenauer Stiftung<\/p>\n","protected":false},"excerpt":{"rendered":"<p>Katerina Vlasova (* 14.02.1986) und Amadeus Pawlica (* 05.04.1987) haben sich am Theater L\u00fcneburg kennengelernt, wo sie auch ihre erste gemeinsame Arbeit \u201eDer Weg\u201c realisierten. Katerina Vlasova, die ihre Ausbildung an der Hochschule f\u00fcr Musik und Tanz in K\u00f6ln absolviert hat, war von der Spielzeit 10\/11 bis zur Spielzeit 14\/15 am Theater L\u00fcneburg engagiert, davor&hellip;<\/p>\n","protected":false},"author":1,"featured_media":1212,"parent":0,"menu_order":35,"comment_status":"closed","ping_status":"closed","template":"templates\/template-cover.php","meta":{"_acf_changed":false,"spay_email":"","footnotes":""},"acf":[],"jetpack_likes_enabled":true,"jetpack_sharing_enabled":false,"jetpack_shortlink":"https:\/\/wp.me\/Pcv3L7-v","_links":{"self":[{"href":"https:\/\/vlasovapawlica.de\/index.php?rest_route=\/wp\/v2\/pages\/31"}],"collection":[{"href":"https:\/\/vlasovapawlica.de\/index.php?rest_route=\/wp\/v2\/pages"}],"about":[{"href":"https:\/\/vlasovapawlica.de\/index.php?rest_route=\/wp\/v2\/types\/page"}],"author":[{"embeddable":true,"href":"https:\/\/vlasovapawlica.de\/index.php?rest_route=\/wp\/v2\/users\/1"}],"replies":[{"embeddable":true,"href":"https:\/\/vlasovapawlica.de\/index.php?rest_route=%2Fwp%2Fv2%2Fcomments&post=31"}],"version-history":[{"count":3,"href":"https:\/\/vlasovapawlica.de\/index.php?rest_route=\/wp\/v2\/pages\/31\/revisions"}],"predecessor-version":[{"id":1213,"href":"https:\/\/vlasovapawlica.de\/index.php?rest_route=\/wp\/v2\/pages\/31\/revisions\/1213"}],"wp:featuredmedia":[{"embeddable":true,"href":"https:\/\/vlasovapawlica.de\/index.php?rest_route=\/wp\/v2\/media\/1212"}],"wp:attachment":[{"href":"https:\/\/vlasovapawlica.de\/index.php?rest_route=%2Fwp%2Fv2%2Fmedia&parent=31"}],"curies":[{"name":"wp","href":"https:\/\/api.w.org\/{rel}","templated":true}]}}