{"id":242,"date":"2017-08-30T10:12:44","date_gmt":"2017-08-30T08:12:44","guid":{"rendered":"http:\/\/vlasovapawlica.de\/?page_id=242"},"modified":"2017-08-30T10:38:52","modified_gmt":"2017-08-30T08:38:52","slug":"geraldine-rosteius","status":"publish","type":"page","link":"https:\/\/vlasovapawlica.de\/?page_id=242","title":{"rendered":"Geraldine Rosteius"},"content":{"rendered":"<p><img decoding=\"async\" src=\"http:\/\/vlasovapawlica.de\/wp-content\/uploads\/2017\/08\/10632644_10204899792364155_3636649963013065272_n-1.jpg\" alt=\"\" data-wpid=\"A09911F4-6A7C-4044-A57A-3BE4340CB36B\" \/><br \/>\nGeraldine Rosteius wurde in Brasilien geboren und ist in Deutschland aufgewachsen. Sie hat an der Hochschule f\u00fcr Musik und Tanz K\u00f6ln und der Folkwang Universit\u00e4t Essen, Tanz und Choreografie studiert.<\/p>\n<p>Anschlie\u00dfend tanzte sie als freischaffende T\u00e4nzerin f\u00fcr Johannes Wieland am Staatstheater Kassel, Georg Reischel, Stephanie Tiersch und Maura Morales. Zur Zeit wohnt sie in K\u00f6ln.<\/p>\n<p>Ab Februar 2018 wird sie Teil der Vlasova\/Pawlica Dance Company und wird in Ludwigsburg auf der B\u00fchne zu erleben sein.<\/p>\n<p><b>Zu sehen in:<\/b><\/p>\n<p>DIE JAHRESZEITEN <i>Forum am Schlosspark, Ludwigsburg\u00a0<\/i><\/p>\n<div class=\"sharedaddy sd-sharing-enabled\"><div class=\"robots-nocontent sd-block sd-social sd-social-icon sd-sharing\"><h3 class=\"sd-title\">Teilen mit:<\/h3><div class=\"sd-content\"><ul><li class=\"share-twitter\"><a rel=\"nofollow noopener noreferrer\" data-shared=\"sharing-twitter-242\" class=\"share-twitter sd-button share-icon no-text\" href=\"https:\/\/vlasovapawlica.de\/?page_id=242&amp;share=twitter\" target=\"_blank\" title=\"Klick, um \u00fcber Twitter zu teilen\"><span><\/span><span class=\"sharing-screen-reader-text\">Klick, um \u00fcber Twitter zu teilen (Wird in neuem Fenster ge\u00f6ffnet)<\/span><\/a><\/li><li class=\"share-facebook\"><a rel=\"nofollow noopener noreferrer\" data-shared=\"sharing-facebook-242\" class=\"share-facebook sd-button share-icon no-text\" href=\"https:\/\/vlasovapawlica.de\/?page_id=242&amp;share=facebook\" target=\"_blank\" title=\"Klick, um auf Facebook zu teilen\"><span><\/span><span class=\"sharing-screen-reader-text\">Klick, um auf Facebook zu teilen (Wird in neuem Fenster ge\u00f6ffnet)<\/span><\/a><\/li><li class=\"share-end\"><\/li><\/ul><\/div><\/div><\/div>","protected":false},"excerpt":{"rendered":"<p>Geraldine Rosteius wurde in Brasilien geboren und ist in Deutschland aufgewachsen. Sie hat an der Hochschule f\u00fcr Musik und Tanz K\u00f6ln und der Folkwang Universit\u00e4t Essen, Tanz und Choreografie studiert. Anschlie\u00dfend tanzte sie als freischaffende T\u00e4nzerin f\u00fcr Johannes Wieland am Staatstheater Kassel, Georg Reischel, Stephanie Tiersch und Maura Morales. Zur Zeit wohnt sie in K\u00f6ln.&hellip;<\/p>\n<div class=\"sharedaddy sd-sharing-enabled\"><div class=\"robots-nocontent sd-block sd-social sd-social-icon sd-sharing\"><h3 class=\"sd-title\">Teilen mit:<\/h3><div class=\"sd-content\"><ul><li class=\"share-twitter\"><a rel=\"nofollow noopener noreferrer\" data-shared=\"sharing-twitter-242\" class=\"share-twitter sd-button share-icon no-text\" href=\"https:\/\/vlasovapawlica.de\/?page_id=242&amp;share=twitter\" target=\"_blank\" title=\"Klick, um \u00fcber Twitter zu teilen\"><span><\/span><span class=\"sharing-screen-reader-text\">Klick, um \u00fcber Twitter zu teilen (Wird in neuem Fenster ge\u00f6ffnet)<\/span><\/a><\/li><li class=\"share-facebook\"><a rel=\"nofollow noopener noreferrer\" data-shared=\"sharing-facebook-242\" class=\"share-facebook sd-button share-icon no-text\" href=\"https:\/\/vlasovapawlica.de\/?page_id=242&amp;share=facebook\" target=\"_blank\" title=\"Klick, um auf Facebook zu teilen\"><span><\/span><span class=\"sharing-screen-reader-text\">Klick, um auf Facebook zu teilen (Wird in neuem Fenster ge\u00f6ffnet)<\/span><\/a><\/li><li class=\"share-end\"><\/li><\/ul><\/div><\/div><\/div>","protected":false},"author":1,"featured_media":0,"parent":0,"menu_order":25,"comment_status":"closed","ping_status":"closed","template":"","meta":{"_acf_changed":false,"spay_email":"","footnotes":""},"acf":[],"jetpack_likes_enabled":true,"jetpack_sharing_enabled":true,"jetpack_shortlink":"https:\/\/wp.me\/Pcv3L7-3U","_links":{"self":[{"href":"https:\/\/vlasovapawlica.de\/index.php?rest_route=\/wp\/v2\/pages\/242"}],"collection":[{"href":"https:\/\/vlasovapawlica.de\/index.php?rest_route=\/wp\/v2\/pages"}],"about":[{"href":"https:\/\/vlasovapawlica.de\/index.php?rest_route=\/wp\/v2\/types\/page"}],"author":[{"embeddable":true,"href":"https:\/\/vlasovapawlica.de\/index.php?rest_route=\/wp\/v2\/users\/1"}],"replies":[{"embeddable":true,"href":"https:\/\/vlasovapawlica.de\/index.php?rest_route=%2Fwp%2Fv2%2Fcomments&post=242"}],"version-history":[{"count":0,"href":"https:\/\/vlasovapawlica.de\/index.php?rest_route=\/wp\/v2\/pages\/242\/revisions"}],"wp:attachment":[{"href":"https:\/\/vlasovapawlica.de\/index.php?rest_route=%2Fwp%2Fv2%2Fmedia&parent=242"}],"curies":[{"name":"wp","href":"https:\/\/api.w.org\/{rel}","templated":true}]}}