{"id":241,"date":"2017-08-30T10:12:43","date_gmt":"2017-08-30T08:12:43","guid":{"rendered":"http:\/\/vlasovapawlica.de\/?page_id=241"},"modified":"2017-08-30T10:25:40","modified_gmt":"2017-08-30T08:25:40","slug":"julia-rauch","status":"publish","type":"page","link":"https:\/\/vlasovapawlica.de\/?page_id=241","title":{"rendered":"Julia Rauch"},"content":{"rendered":"<p><a href=\"http:\/\/vlasovapawlica.de\/wp-content\/uploads\/2017\/08\/18057108_10210830698116284_8836660536888011203_n-1.jpg\"><img loading=\"lazy\" decoding=\"async\" data-attachment-id=\"224\" data-permalink=\"https:\/\/vlasovapawlica.de\/?attachment_id=224\" data-orig-file=\"https:\/\/vlasovapawlica.de\/wp-content\/uploads\/2017\/08\/18057108_10210830698116284_8836660536888011203_n-1.jpg\" data-orig-size=\"397,391\" data-comments-opened=\"0\" data-image-meta=\"{&quot;aperture&quot;:&quot;0&quot;,&quot;credit&quot;:&quot;&quot;,&quot;camera&quot;:&quot;&quot;,&quot;caption&quot;:&quot;&quot;,&quot;created_timestamp&quot;:&quot;0&quot;,&quot;copyright&quot;:&quot;&quot;,&quot;focal_length&quot;:&quot;0&quot;,&quot;iso&quot;:&quot;0&quot;,&quot;shutter_speed&quot;:&quot;0&quot;,&quot;title&quot;:&quot;&quot;,&quot;orientation&quot;:&quot;0&quot;}\" data-image-title=\"18057108_10210830698116284_8836660536888011203_n\" data-image-description=\"\" data-image-caption=\"\" data-medium-file=\"https:\/\/vlasovapawlica.de\/wp-content\/uploads\/2017\/08\/18057108_10210830698116284_8836660536888011203_n-1-300x295.jpg\" data-large-file=\"https:\/\/vlasovapawlica.de\/wp-content\/uploads\/2017\/08\/18057108_10210830698116284_8836660536888011203_n-1.jpg\" src=\"http:\/\/vlasovapawlica.de\/wp-content\/uploads\/2017\/08\/18057108_10210830698116284_8836660536888011203_n-1.jpg\" alt=\"\" width=\"397\" height=\"391\" class=\"alignnone size-full wp-image-224\" srcset=\"https:\/\/vlasovapawlica.de\/wp-content\/uploads\/2017\/08\/18057108_10210830698116284_8836660536888011203_n-1.jpg 397w, https:\/\/vlasovapawlica.de\/wp-content\/uploads\/2017\/08\/18057108_10210830698116284_8836660536888011203_n-1-300x295.jpg 300w, https:\/\/vlasovapawlica.de\/wp-content\/uploads\/2017\/08\/18057108_10210830698116284_8836660536888011203_n-1-203x200.jpg 203w, https:\/\/vlasovapawlica.de\/wp-content\/uploads\/2017\/08\/18057108_10210830698116284_8836660536888011203_n-1-50x50.jpg 50w\" sizes=\"(max-width: 397px) 100vw, 397px\" \/><\/a><br \/>\nJulia Rauch wurde am Conservatoire Superieure de musique et danse Paris ausgibldet und war danach Teil der Junior Company des CNSMDP.&nbsp;<\/p>\n<p>Praktika f\u00fchrten sie zur National Dance Company of Wales und zur Wayne McGregor Company in Gro\u00dfbritannien. Sie war Teil des IT Dansa Programms in Spanien und tanzte dort in St\u00fccken von Ohad Naharin und Jiri Kylian. Danach ging sie an das Balletto Teatro di Torino wo sie unter anderem mit Itzik Gallili arbeitete.&nbsp;<\/p>\n<p>Zur Zeit ist sie freischaffende T\u00e4nzerin mit Basis in Berlin.&nbsp;<\/p>\n<p>Ab Februar 2018 ist sie Teil der Vlasova\/Pawlica Dance Company und wird in Luwigsburg zu sehen sein.&nbsp;<\/p>\n<p><b>Zu sehen in:<\/b><\/p>\n<p>DIE JAHRESZEITEN <i>Forum am Schlosspark, Ludwigsburg&nbsp;<\/i><\/p>\n<div class=\"sharedaddy sd-sharing-enabled\"><div class=\"robots-nocontent sd-block sd-social sd-social-icon sd-sharing\"><h3 class=\"sd-title\">Teilen mit:<\/h3><div class=\"sd-content\"><ul><li class=\"share-twitter\"><a rel=\"nofollow noopener noreferrer\" data-shared=\"sharing-twitter-241\" class=\"share-twitter sd-button share-icon no-text\" href=\"https:\/\/vlasovapawlica.de\/?page_id=241&amp;share=twitter\" target=\"_blank\" title=\"Klick, um \u00fcber Twitter zu teilen\"><span><\/span><span class=\"sharing-screen-reader-text\">Klick, um \u00fcber Twitter zu teilen (Wird in neuem Fenster ge\u00f6ffnet)<\/span><\/a><\/li><li class=\"share-facebook\"><a rel=\"nofollow noopener noreferrer\" data-shared=\"sharing-facebook-241\" class=\"share-facebook sd-button share-icon no-text\" href=\"https:\/\/vlasovapawlica.de\/?page_id=241&amp;share=facebook\" target=\"_blank\" title=\"Klick, um auf Facebook zu teilen\"><span><\/span><span class=\"sharing-screen-reader-text\">Klick, um auf Facebook zu teilen (Wird in neuem Fenster ge\u00f6ffnet)<\/span><\/a><\/li><li class=\"share-end\"><\/li><\/ul><\/div><\/div><\/div>","protected":false},"excerpt":{"rendered":"<p>Julia Rauch wurde am Conservatoire Superieure de musique et danse Paris ausgibldet und war danach Teil der Junior Company des CNSMDP.&nbsp; Praktika f\u00fchrten sie zur National Dance Company of Wales und zur Wayne McGregor Company in Gro\u00dfbritannien. Sie war Teil des IT Dansa Programms in Spanien und tanzte dort in St\u00fccken von Ohad Naharin und&hellip;<\/p>\n<div class=\"sharedaddy sd-sharing-enabled\"><div class=\"robots-nocontent sd-block sd-social sd-social-icon sd-sharing\"><h3 class=\"sd-title\">Teilen mit:<\/h3><div class=\"sd-content\"><ul><li class=\"share-twitter\"><a rel=\"nofollow noopener noreferrer\" data-shared=\"sharing-twitter-241\" class=\"share-twitter sd-button share-icon no-text\" href=\"https:\/\/vlasovapawlica.de\/?page_id=241&amp;share=twitter\" target=\"_blank\" title=\"Klick, um \u00fcber Twitter zu teilen\"><span><\/span><span class=\"sharing-screen-reader-text\">Klick, um \u00fcber Twitter zu teilen (Wird in neuem Fenster ge\u00f6ffnet)<\/span><\/a><\/li><li class=\"share-facebook\"><a rel=\"nofollow noopener noreferrer\" data-shared=\"sharing-facebook-241\" class=\"share-facebook sd-button share-icon no-text\" href=\"https:\/\/vlasovapawlica.de\/?page_id=241&amp;share=facebook\" target=\"_blank\" title=\"Klick, um auf Facebook zu teilen\"><span><\/span><span class=\"sharing-screen-reader-text\">Klick, um auf Facebook zu teilen (Wird in neuem Fenster ge\u00f6ffnet)<\/span><\/a><\/li><li class=\"share-end\"><\/li><\/ul><\/div><\/div><\/div>","protected":false},"author":1,"featured_media":0,"parent":0,"menu_order":26,"comment_status":"closed","ping_status":"closed","template":"","meta":{"_acf_changed":false,"spay_email":"","footnotes":""},"acf":[],"jetpack_likes_enabled":true,"jetpack_sharing_enabled":true,"jetpack_shortlink":"https:\/\/wp.me\/Pcv3L7-3T","_links":{"self":[{"href":"https:\/\/vlasovapawlica.de\/index.php?rest_route=\/wp\/v2\/pages\/241"}],"collection":[{"href":"https:\/\/vlasovapawlica.de\/index.php?rest_route=\/wp\/v2\/pages"}],"about":[{"href":"https:\/\/vlasovapawlica.de\/index.php?rest_route=\/wp\/v2\/types\/page"}],"author":[{"embeddable":true,"href":"https:\/\/vlasovapawlica.de\/index.php?rest_route=\/wp\/v2\/users\/1"}],"replies":[{"embeddable":true,"href":"https:\/\/vlasovapawlica.de\/index.php?rest_route=%2Fwp%2Fv2%2Fcomments&post=241"}],"version-history":[{"count":0,"href":"https:\/\/vlasovapawlica.de\/index.php?rest_route=\/wp\/v2\/pages\/241\/revisions"}],"wp:attachment":[{"href":"https:\/\/vlasovapawlica.de\/index.php?rest_route=%2Fwp%2Fv2%2Fmedia&parent=241"}],"curies":[{"name":"wp","href":"https:\/\/api.w.org\/{rel}","templated":true}]}}