{"id":233,"date":"2017-08-30T10:12:46","date_gmt":"2017-08-30T08:12:46","guid":{"rendered":"http:\/\/vlasovapawlica.de\/?page_id=233"},"modified":"2017-08-30T10:44:35","modified_gmt":"2017-08-30T08:44:35","slug":"mariko-koh","status":"publish","type":"page","link":"https:\/\/vlasovapawlica.de\/?page_id=233","title":{"rendered":"Mariko Koh"},"content":{"rendered":"<p><img decoding=\"async\" src=\"http:\/\/vlasovapawlica.de\/wp-content\/uploads\/2017\/08\/17637017_1305788329497245_5556491738507991674_o-1.jpg\" alt=\"\" data-wpid=\"3060F59D-E622-4E96-9652-9CFA1DAA4E69\" \/><br \/>\nMariko Koh aus Kyoto erhielt ihre Tanzausbildung 2008-2012 im Kobe College in Kobe, Japan, wo sie zeitgen\u00f6ssischen Tanz und Ballett unter Toru Shimazaki and Jan Nuyets NUYTS studierte. 2012-13 war sie Ensemblemitglied im Ballet junior de Gen\u00e8ve, mit dem sie europaweit tourte, 2013-14 hatte sie ein Engagement am Stadttheater Bremerhaven.<br \/>\nAnschlie\u00dfend arbeitete sie als freischaffende T\u00e4nzerin in Produktionen des UnterwegsTheater Heidelberg, des Grand Th\u00e9\u00e2tre de la Ville du Luxembourg und dem Tanztheaterst\u00fcck HAUL von Tim Gerhards in Bremen. Seit November 2015 lebt sie in Berlin und tanzte f\u00fcr ZWEI GIRAFFEN TANZEN TANGO \u2013 BREMER SCHRITTE unter Helge Letonja bei steptext.<\/p>\n<p>Ab Februar 2018 ist sei Teil der Vlasova\/Pawlica Dance Company und wird in Ludwigsburg auf der B\u00fchne des Forum am Schlosspark zu sehen sein.<\/p>\n<p><b>Zu sehen in:<\/b><\/p>\n<p>DIE JAHRESZEITEN <i>Forum am Schlosspark, Ludwigsburg\u00a0<\/i><\/p>\n<div class=\"sharedaddy sd-sharing-enabled\"><div class=\"robots-nocontent sd-block sd-social sd-social-icon sd-sharing\"><h3 class=\"sd-title\">Teilen mit:<\/h3><div class=\"sd-content\"><ul><li class=\"share-twitter\"><a rel=\"nofollow noopener noreferrer\" data-shared=\"sharing-twitter-233\" class=\"share-twitter sd-button share-icon no-text\" href=\"https:\/\/vlasovapawlica.de\/?page_id=233&amp;share=twitter\" target=\"_blank\" title=\"Klick, um \u00fcber Twitter zu teilen\"><span><\/span><span class=\"sharing-screen-reader-text\">Klick, um \u00fcber Twitter zu teilen (Wird in neuem Fenster ge\u00f6ffnet)<\/span><\/a><\/li><li class=\"share-facebook\"><a rel=\"nofollow noopener noreferrer\" data-shared=\"sharing-facebook-233\" class=\"share-facebook sd-button share-icon no-text\" href=\"https:\/\/vlasovapawlica.de\/?page_id=233&amp;share=facebook\" target=\"_blank\" title=\"Klick, um auf Facebook zu teilen\"><span><\/span><span class=\"sharing-screen-reader-text\">Klick, um auf Facebook zu teilen (Wird in neuem Fenster ge\u00f6ffnet)<\/span><\/a><\/li><li class=\"share-end\"><\/li><\/ul><\/div><\/div><\/div>","protected":false},"excerpt":{"rendered":"<p>Mariko Koh aus Kyoto erhielt ihre Tanzausbildung 2008-2012 im Kobe College in Kobe, Japan, wo sie zeitgen\u00f6ssischen Tanz und Ballett unter Toru Shimazaki and Jan Nuyets NUYTS studierte. 2012-13 war sie Ensemblemitglied im Ballet junior de Gen\u00e8ve, mit dem sie europaweit tourte, 2013-14 hatte sie ein Engagement am Stadttheater Bremerhaven. Anschlie\u00dfend arbeitete sie als freischaffende&hellip;<\/p>\n<div class=\"sharedaddy sd-sharing-enabled\"><div class=\"robots-nocontent sd-block sd-social sd-social-icon sd-sharing\"><h3 class=\"sd-title\">Teilen mit:<\/h3><div class=\"sd-content\"><ul><li class=\"share-twitter\"><a rel=\"nofollow noopener noreferrer\" data-shared=\"sharing-twitter-233\" class=\"share-twitter sd-button share-icon no-text\" href=\"https:\/\/vlasovapawlica.de\/?page_id=233&amp;share=twitter\" target=\"_blank\" title=\"Klick, um \u00fcber Twitter zu teilen\"><span><\/span><span class=\"sharing-screen-reader-text\">Klick, um \u00fcber Twitter zu teilen (Wird in neuem Fenster ge\u00f6ffnet)<\/span><\/a><\/li><li class=\"share-facebook\"><a rel=\"nofollow noopener noreferrer\" data-shared=\"sharing-facebook-233\" class=\"share-facebook sd-button share-icon no-text\" href=\"https:\/\/vlasovapawlica.de\/?page_id=233&amp;share=facebook\" target=\"_blank\" title=\"Klick, um auf Facebook zu teilen\"><span><\/span><span class=\"sharing-screen-reader-text\">Klick, um auf Facebook zu teilen (Wird in neuem Fenster ge\u00f6ffnet)<\/span><\/a><\/li><li class=\"share-end\"><\/li><\/ul><\/div><\/div><\/div>","protected":false},"author":1,"featured_media":223,"parent":211,"menu_order":33,"comment_status":"closed","ping_status":"closed","template":"","meta":{"_acf_changed":false,"spay_email":"","footnotes":""},"acf":[],"jetpack_likes_enabled":true,"jetpack_sharing_enabled":true,"jetpack_shortlink":"https:\/\/wp.me\/Pcv3L7-3L","_links":{"self":[{"href":"https:\/\/vlasovapawlica.de\/index.php?rest_route=\/wp\/v2\/pages\/233"}],"collection":[{"href":"https:\/\/vlasovapawlica.de\/index.php?rest_route=\/wp\/v2\/pages"}],"about":[{"href":"https:\/\/vlasovapawlica.de\/index.php?rest_route=\/wp\/v2\/types\/page"}],"author":[{"embeddable":true,"href":"https:\/\/vlasovapawlica.de\/index.php?rest_route=\/wp\/v2\/users\/1"}],"replies":[{"embeddable":true,"href":"https:\/\/vlasovapawlica.de\/index.php?rest_route=%2Fwp%2Fv2%2Fcomments&post=233"}],"version-history":[{"count":0,"href":"https:\/\/vlasovapawlica.de\/index.php?rest_route=\/wp\/v2\/pages\/233\/revisions"}],"up":[{"embeddable":true,"href":"https:\/\/vlasovapawlica.de\/index.php?rest_route=\/wp\/v2\/pages\/211"}],"wp:featuredmedia":[{"embeddable":true,"href":"https:\/\/vlasovapawlica.de\/index.php?rest_route=\/wp\/v2\/media\/223"}],"wp:attachment":[{"href":"https:\/\/vlasovapawlica.de\/index.php?rest_route=%2Fwp%2Fv2%2Fmedia&parent=233"}],"curies":[{"name":"wp","href":"https:\/\/api.w.org\/{rel}","templated":true}]}}