{"id":1155,"date":"2022-06-08T20:10:10","date_gmt":"2022-06-08T18:10:10","guid":{"rendered":"https:\/\/vlasovapawlica.de\/?page_id=1155"},"modified":"2022-06-11T23:12:18","modified_gmt":"2022-06-11T21:12:18","slug":"vergissmeinnicht-2022-21-2","status":"publish","type":"page","link":"https:\/\/vlasovapawlica.de\/?page_id=1155","title":{"rendered":"FR\u00dcHLINGS ERWACHEN (2022)"},"content":{"rendered":"\n<div class=\"wp-block-columns alignwide is-layout-flex wp-container-core-columns-is-layout-1 wp-block-columns-is-layout-flex\">\n<div class=\"wp-block-column is-layout-flow wp-block-column-is-layout-flow\">\n<figure class=\"wp-block-image size-large tw-mb-0 tw-mt-0\"><img loading=\"lazy\" decoding=\"async\" width=\"1024\" height=\"683\" data-attachment-id=\"1156\" data-permalink=\"https:\/\/vlasovapawlica.de\/?attachment_id=1156\" data-orig-file=\"https:\/\/vlasovapawlica.de\/wp-content\/uploads\/2022\/06\/102.\u00a9-De-Da-Productions--scaled.jpg\" data-orig-size=\"2560,1708\" data-comments-opened=\"0\" data-image-meta=\"{&quot;aperture&quot;:&quot;2.8&quot;,&quot;credit&quot;:&quot;&quot;,&quot;camera&quot;:&quot;Canon EOS R5&quot;,&quot;caption&quot;:&quot;&quot;,&quot;created_timestamp&quot;:&quot;1654695223&quot;,&quot;copyright&quot;:&quot;&quot;,&quot;focal_length&quot;:&quot;63&quot;,&quot;iso&quot;:&quot;5000&quot;,&quot;shutter_speed&quot;:&quot;0.003125&quot;,&quot;title&quot;:&quot;&quot;,&quot;orientation&quot;:&quot;1&quot;}\" data-image-title=\"102.\u00a9-De-Da-Productions-\" data-image-description=\"\" data-image-caption=\"\" data-medium-file=\"https:\/\/vlasovapawlica.de\/wp-content\/uploads\/2022\/06\/102.\u00a9-De-Da-Productions--300x200.jpg\" data-large-file=\"https:\/\/vlasovapawlica.de\/wp-content\/uploads\/2022\/06\/102.\u00a9-De-Da-Productions--1024x683.jpg\" src=\"https:\/\/vlasovapawlica.de\/wp-content\/uploads\/2022\/06\/102.\u00a9-De-Da-Productions--1024x683.jpg\" alt=\"\" class=\"wp-image-1156\" srcset=\"https:\/\/vlasovapawlica.de\/wp-content\/uploads\/2022\/06\/102.\u00a9-De-Da-Productions--1024x683.jpg 1024w, https:\/\/vlasovapawlica.de\/wp-content\/uploads\/2022\/06\/102.\u00a9-De-Da-Productions--300x200.jpg 300w, https:\/\/vlasovapawlica.de\/wp-content\/uploads\/2022\/06\/102.\u00a9-De-Da-Productions--768x512.jpg 768w, https:\/\/vlasovapawlica.de\/wp-content\/uploads\/2022\/06\/102.\u00a9-De-Da-Productions--1536x1025.jpg 1536w, https:\/\/vlasovapawlica.de\/wp-content\/uploads\/2022\/06\/102.\u00a9-De-Da-Productions--2048x1366.jpg 2048w, https:\/\/vlasovapawlica.de\/wp-content\/uploads\/2022\/06\/102.\u00a9-De-Da-Productions--1200x800.jpg 1200w, https:\/\/vlasovapawlica.de\/wp-content\/uploads\/2022\/06\/102.\u00a9-De-Da-Productions--1980x1321.jpg 1980w, https:\/\/vlasovapawlica.de\/wp-content\/uploads\/2022\/06\/102.\u00a9-De-Da-Productions--1320x880.jpg 1320w\" sizes=\"(max-width: 1024px) 100vw, 1024px\" \/><\/figure>\n\n\n\n<figure class=\"wp-block-embed is-type-video is-provider-vimeo wp-block-embed-vimeo wp-embed-aspect-16-9 wp-has-aspect-ratio\"><div class=\"wp-block-embed__wrapper\">\n<div class=\"embed-vimeo\" style=\"text-align: center;\"><iframe loading=\"lazy\" src=\"https:\/\/player.vimeo.com\/video\/719378639\" width=\"800\" height=\"450\" frameborder=\"0\" webkitallowfullscreen mozallowfullscreen allowfullscreen><\/iframe><\/div>\n<\/div><\/figure>\n\n\n\n<figure class=\"wp-block-image size-large\"><img loading=\"lazy\" decoding=\"async\" width=\"1024\" height=\"683\" data-attachment-id=\"1157\" data-permalink=\"https:\/\/vlasovapawlica.de\/?attachment_id=1157\" data-orig-file=\"https:\/\/vlasovapawlica.de\/wp-content\/uploads\/2022\/06\/12.\u00a9-De-Da-Productions--scaled.jpg\" data-orig-size=\"2560,1708\" data-comments-opened=\"0\" data-image-meta=\"{&quot;aperture&quot;:&quot;2.8&quot;,&quot;credit&quot;:&quot;&quot;,&quot;camera&quot;:&quot;Canon EOS R5&quot;,&quot;caption&quot;:&quot;&quot;,&quot;created_timestamp&quot;:&quot;1654693977&quot;,&quot;copyright&quot;:&quot;&quot;,&quot;focal_length&quot;:&quot;45&quot;,&quot;iso&quot;:&quot;4000&quot;,&quot;shutter_speed&quot;:&quot;0.005&quot;,&quot;title&quot;:&quot;&quot;,&quot;orientation&quot;:&quot;1&quot;}\" data-image-title=\"12.\u00a9-De-Da-Productions-\" data-image-description=\"\" data-image-caption=\"\" data-medium-file=\"https:\/\/vlasovapawlica.de\/wp-content\/uploads\/2022\/06\/12.\u00a9-De-Da-Productions--300x200.jpg\" data-large-file=\"https:\/\/vlasovapawlica.de\/wp-content\/uploads\/2022\/06\/12.\u00a9-De-Da-Productions--1024x683.jpg\" src=\"https:\/\/vlasovapawlica.de\/wp-content\/uploads\/2022\/06\/12.\u00a9-De-Da-Productions--1024x683.jpg\" alt=\"\" class=\"wp-image-1157\" srcset=\"https:\/\/vlasovapawlica.de\/wp-content\/uploads\/2022\/06\/12.\u00a9-De-Da-Productions--1024x683.jpg 1024w, https:\/\/vlasovapawlica.de\/wp-content\/uploads\/2022\/06\/12.\u00a9-De-Da-Productions--300x200.jpg 300w, https:\/\/vlasovapawlica.de\/wp-content\/uploads\/2022\/06\/12.\u00a9-De-Da-Productions--768x512.jpg 768w, https:\/\/vlasovapawlica.de\/wp-content\/uploads\/2022\/06\/12.\u00a9-De-Da-Productions--1536x1025.jpg 1536w, https:\/\/vlasovapawlica.de\/wp-content\/uploads\/2022\/06\/12.\u00a9-De-Da-Productions--2048x1366.jpg 2048w, https:\/\/vlasovapawlica.de\/wp-content\/uploads\/2022\/06\/12.\u00a9-De-Da-Productions--1200x800.jpg 1200w, https:\/\/vlasovapawlica.de\/wp-content\/uploads\/2022\/06\/12.\u00a9-De-Da-Productions--1980x1321.jpg 1980w, https:\/\/vlasovapawlica.de\/wp-content\/uploads\/2022\/06\/12.\u00a9-De-Da-Productions--1320x880.jpg 1320w\" sizes=\"(max-width: 1024px) 100vw, 1024px\" \/><\/figure>\n\n\n\n<p><em>Fotos &amp; Video: De-Da Productions<\/em><\/p>\n<\/div>\n\n\n\n<div class=\"wp-block-column tw-mb-0 tw-mt-0 is-layout-flow wp-block-column-is-layout-flow\" style=\"padding-top:0px;padding-right:0px;padding-bottom:0px;padding-left:0px\">\n<p><strong>Premieren:<\/strong> 09.06.2022 Frankfurt, 14.06.2022 K\u00f6ln<\/p>\n\n\n\n<p><em>EINE KOPRODUKTION VON VLASOVA \/ PAWLICA MIT LANDUNGSBR\u00dcCKEN FRANKFURT<\/em><\/p>\n\n\n\n<p><strong>Gef\u00f6rdert durch Hessisches Ministerium f\u00fcr Wissenschaft und Kunst, Kulturamt der Stadt Frankfurt am Main, Ministerium f\u00fcr Kultur und Wissenschaft des Landes NRW, NRW Landesb\u00fcro Freie Darstellende K\u00fcnste<\/strong><\/p>\n\n\n\n<p>Umgeben von einer puritanischen Welt werden sechs lebenshungrige Jugendliche erwachsen. Von einer Welt, die schwarz-wei\u00df ist und in der sie funktionieren m\u00fcssen. Monoton, bieder und langweilig scheint es dort zu sein. Alles wirkt starr und statisch. Die Jugendlichen lernen sich und andere kennen, verlieben sich, hadern mit den ihnen gesetzten Grenzen und werden Opfer absoluter Unwissenheit. Sie (ver-)zweifeln an sich, an der Welt und an den sie umgebenden Erwachsenen.<\/p>\n\n\n\n<p>Es entfalten sich Geschichten \u00fcber Identit\u00e4t und Sexualit\u00e4t. Das M\u00e4dchen, das unwissend und ungewollt schwanger wird und durch eine nicht korrekt durchgef\u00fchrte Abtreibung schlie\u00dflich ihr Leben verliert. Dann ist da noch der Junge, der unter einem enormen Leistungsdruck seiner Eltern steht, er soll st\u00e4ndig der Beste sein, dabei wird er immer schlechter und seine Versetzung ist gef\u00e4hrdet. Unter diesem Druck zerbricht er und er nimmt sich das Leben. Schlie\u00dflich gibt es den Jungen, den Freund des M\u00e4dchens. Er war in sie verliebt, sein bester Freund nahm sich das Leben und er wei\u00df nicht mehr weiter. Als er mit dem Gedanken spielt, sich ebenfalls das Leben zu nehmen, wird er durch einen Fremden gerettet.<\/p>\n\n\n\n<p>In einer Mischung aus wilden, starken und weichen, flie\u00dfenden Tanzszenen wird diese Geschichte erz\u00e4hlt. Gerahmt von Wedekinds Theaterst\u00fcck entsteht ein Ping-Pong zwischen Tanz, Spiel und Sprache.<\/p>\n\n\n\n<p><strong>Kost\u00fcm:<\/strong> Frederike Coors<\/p>\n\n\n\n<p><strong>Dramaturgie:<\/strong> Mareike Uhl<\/p>\n\n\n\n<p><strong>Licht:<\/strong> Nina Koempel<\/p>\n\n\n\n<p><strong>Tanz:<\/strong> Katerina Vlasova, Amadeus Pawlica<\/p>\n<\/div>\n<\/div>\n<div class=\"sharedaddy sd-sharing-enabled\"><div class=\"robots-nocontent sd-block sd-social sd-social-icon sd-sharing\"><h3 class=\"sd-title\">Teilen mit:<\/h3><div class=\"sd-content\"><ul><li class=\"share-twitter\"><a rel=\"nofollow noopener noreferrer\" data-shared=\"sharing-twitter-1155\" class=\"share-twitter sd-button share-icon no-text\" href=\"https:\/\/vlasovapawlica.de\/?page_id=1155&amp;share=twitter\" target=\"_blank\" title=\"Klick, um \u00fcber Twitter zu teilen\"><span><\/span><span class=\"sharing-screen-reader-text\">Klick, um \u00fcber Twitter zu teilen (Wird in neuem Fenster ge\u00f6ffnet)<\/span><\/a><\/li><li class=\"share-facebook\"><a rel=\"nofollow noopener noreferrer\" data-shared=\"sharing-facebook-1155\" class=\"share-facebook sd-button share-icon no-text\" href=\"https:\/\/vlasovapawlica.de\/?page_id=1155&amp;share=facebook\" target=\"_blank\" title=\"Klick, um auf Facebook zu teilen\"><span><\/span><span class=\"sharing-screen-reader-text\">Klick, um auf Facebook zu teilen (Wird in neuem Fenster ge\u00f6ffnet)<\/span><\/a><\/li><li class=\"share-end\"><\/li><\/ul><\/div><\/div><\/div>","protected":false},"excerpt":{"rendered":"<p>Fotos &amp; Video: De-Da Productions Premieren: 09.06.2022 Frankfurt, 14.06.2022 K\u00f6ln EINE KOPRODUKTION VON VLASOVA \/ PAWLICA MIT LANDUNGSBR\u00dcCKEN FRANKFURT Gef\u00f6rdert durch Hessisches Ministerium f\u00fcr Wissenschaft und Kunst, Kulturamt der Stadt Frankfurt am Main, Ministerium f\u00fcr Kultur und Wissenschaft des Landes NRW, NRW Landesb\u00fcro Freie Darstellende K\u00fcnste Umgeben von einer puritanischen Welt werden sechs lebenshungrige Jugendliche&hellip;<\/p>\n<div class=\"sharedaddy sd-sharing-enabled\"><div class=\"robots-nocontent sd-block sd-social sd-social-icon sd-sharing\"><h3 class=\"sd-title\">Teilen mit:<\/h3><div class=\"sd-content\"><ul><li class=\"share-twitter\"><a rel=\"nofollow noopener noreferrer\" data-shared=\"sharing-twitter-1155\" class=\"share-twitter sd-button share-icon no-text\" href=\"https:\/\/vlasovapawlica.de\/?page_id=1155&amp;share=twitter\" target=\"_blank\" title=\"Klick, um \u00fcber Twitter zu teilen\"><span><\/span><span class=\"sharing-screen-reader-text\">Klick, um \u00fcber Twitter zu teilen (Wird in neuem Fenster ge\u00f6ffnet)<\/span><\/a><\/li><li class=\"share-facebook\"><a rel=\"nofollow noopener noreferrer\" data-shared=\"sharing-facebook-1155\" class=\"share-facebook sd-button share-icon no-text\" href=\"https:\/\/vlasovapawlica.de\/?page_id=1155&amp;share=facebook\" target=\"_blank\" title=\"Klick, um auf Facebook zu teilen\"><span><\/span><span class=\"sharing-screen-reader-text\">Klick, um auf Facebook zu teilen (Wird in neuem Fenster ge\u00f6ffnet)<\/span><\/a><\/li><li class=\"share-end\"><\/li><\/ul><\/div><\/div><\/div>","protected":false},"author":1,"featured_media":0,"parent":0,"menu_order":3,"comment_status":"closed","ping_status":"closed","template":"templates\/template-full-width.php","meta":{"_acf_changed":false,"spay_email":"","footnotes":""},"acf":[],"jetpack_likes_enabled":true,"jetpack_sharing_enabled":true,"jetpack_shortlink":"https:\/\/wp.me\/Pcv3L7-iD","_links":{"self":[{"href":"https:\/\/vlasovapawlica.de\/index.php?rest_route=\/wp\/v2\/pages\/1155"}],"collection":[{"href":"https:\/\/vlasovapawlica.de\/index.php?rest_route=\/wp\/v2\/pages"}],"about":[{"href":"https:\/\/vlasovapawlica.de\/index.php?rest_route=\/wp\/v2\/types\/page"}],"author":[{"embeddable":true,"href":"https:\/\/vlasovapawlica.de\/index.php?rest_route=\/wp\/v2\/users\/1"}],"replies":[{"embeddable":true,"href":"https:\/\/vlasovapawlica.de\/index.php?rest_route=%2Fwp%2Fv2%2Fcomments&post=1155"}],"version-history":[{"count":3,"href":"https:\/\/vlasovapawlica.de\/index.php?rest_route=\/wp\/v2\/pages\/1155\/revisions"}],"predecessor-version":[{"id":1174,"href":"https:\/\/vlasovapawlica.de\/index.php?rest_route=\/wp\/v2\/pages\/1155\/revisions\/1174"}],"wp:attachment":[{"href":"https:\/\/vlasovapawlica.de\/index.php?rest_route=%2Fwp%2Fv2%2Fmedia&parent=1155"}],"curies":[{"name":"wp","href":"https:\/\/api.w.org\/{rel}","templated":true}]}}