{"id":1068,"date":"2021-09-09T18:47:02","date_gmt":"2021-09-09T16:47:02","guid":{"rendered":"https:\/\/vlasovapawlica.de\/?page_id=1068"},"modified":"2021-09-09T18:47:05","modified_gmt":"2021-09-09T16:47:05","slug":"liebe-2017","status":"publish","type":"page","link":"https:\/\/vlasovapawlica.de\/?page_id=1068","title":{"rendered":"LIEBE (2017)"},"content":{"rendered":"\n<div class=\"wp-block-columns alignwide is-layout-flex wp-container-core-columns-is-layout-1 wp-block-columns-is-layout-flex\">\n<div class=\"wp-block-column is-layout-flow wp-block-column-is-layout-flow\">\n<figure class=\"wp-block-image size-large\"><img loading=\"lazy\" decoding=\"async\" width=\"1024\" height=\"684\" data-attachment-id=\"574\" data-permalink=\"https:\/\/vlasovapawlica.de\/?attachment_id=574\" data-orig-file=\"https:\/\/vlasovapawlica.de\/wp-content\/uploads\/2018\/05\/DSC2137.jpg\" data-orig-size=\"7362,4920\" data-comments-opened=\"0\" data-image-meta=\"{&quot;aperture&quot;:&quot;0&quot;,&quot;credit&quot;:&quot;&quot;,&quot;camera&quot;:&quot;ILCE-7R&quot;,&quot;caption&quot;:&quot;&quot;,&quot;created_timestamp&quot;:&quot;0&quot;,&quot;copyright&quot;:&quot;&quot;,&quot;focal_length&quot;:&quot;0&quot;,&quot;iso&quot;:&quot;2000&quot;,&quot;shutter_speed&quot;:&quot;0.033333333333333&quot;,&quot;title&quot;:&quot;&quot;,&quot;orientation&quot;:&quot;1&quot;}\" data-image-title=\"_DSC2137\" data-image-description=\"\" data-image-caption=\"\" data-medium-file=\"https:\/\/vlasovapawlica.de\/wp-content\/uploads\/2018\/05\/DSC2137-300x200.jpg\" data-large-file=\"https:\/\/vlasovapawlica.de\/wp-content\/uploads\/2018\/05\/DSC2137-1024x684.jpg\" src=\"https:\/\/vlasovapawlica.de\/wp-content\/uploads\/2018\/05\/DSC2137-1024x684.jpg\" alt=\"\" class=\"wp-image-574\" srcset=\"https:\/\/vlasovapawlica.de\/wp-content\/uploads\/2018\/05\/DSC2137-1024x684.jpg 1024w, https:\/\/vlasovapawlica.de\/wp-content\/uploads\/2018\/05\/DSC2137-300x200.jpg 300w, https:\/\/vlasovapawlica.de\/wp-content\/uploads\/2018\/05\/DSC2137-768x513.jpg 768w, https:\/\/vlasovapawlica.de\/wp-content\/uploads\/2018\/05\/DSC2137-299x200.jpg 299w, https:\/\/vlasovapawlica.de\/wp-content\/uploads\/2018\/05\/DSC2137-1320x882.jpg 1320w\" sizes=\"(max-width: 1024px) 100vw, 1024px\" \/><\/figure>\n\n\n\n<figure class=\"wp-block-embed is-type-video is-provider-vimeo wp-block-embed-vimeo wp-embed-aspect-16-9 wp-has-aspect-ratio\"><div class=\"wp-block-embed__wrapper\">\n<div class=\"embed-vimeo\" style=\"text-align: center;\"><iframe loading=\"lazy\" src=\"https:\/\/player.vimeo.com\/video\/239105953\" width=\"800\" height=\"450\" frameborder=\"0\" webkitallowfullscreen mozallowfullscreen allowfullscreen><\/iframe><\/div>\n<\/div><\/figure>\n\n\n\n<figure class=\"wp-block-image size-large\"><img loading=\"lazy\" decoding=\"async\" width=\"1024\" height=\"684\" data-attachment-id=\"841\" data-permalink=\"https:\/\/vlasovapawlica.de\/?attachment_id=841\" data-orig-file=\"https:\/\/vlasovapawlica.de\/wp-content\/uploads\/2020\/03\/0746E543-E573-4AE1-9FEA-54A2DB268DFA-1-scaled.jpeg\" data-orig-size=\"2560,1711\" data-comments-opened=\"0\" data-image-meta=\"{&quot;aperture&quot;:&quot;0&quot;,&quot;credit&quot;:&quot;&quot;,&quot;camera&quot;:&quot;ILCE-7R&quot;,&quot;caption&quot;:&quot;&quot;,&quot;created_timestamp&quot;:&quot;0&quot;,&quot;copyright&quot;:&quot;&quot;,&quot;focal_length&quot;:&quot;0&quot;,&quot;iso&quot;:&quot;2000&quot;,&quot;shutter_speed&quot;:&quot;0.02&quot;,&quot;title&quot;:&quot;&quot;,&quot;orientation&quot;:&quot;1&quot;}\" data-image-title=\"0746E543-E573-4AE1-9FEA-54A2DB268DFA-1\" data-image-description=\"\" data-image-caption=\"\" data-medium-file=\"https:\/\/vlasovapawlica.de\/wp-content\/uploads\/2020\/03\/0746E543-E573-4AE1-9FEA-54A2DB268DFA-1-300x200.jpeg\" data-large-file=\"https:\/\/vlasovapawlica.de\/wp-content\/uploads\/2020\/03\/0746E543-E573-4AE1-9FEA-54A2DB268DFA-1-1024x684.jpeg\" src=\"https:\/\/vlasovapawlica.de\/wp-content\/uploads\/2020\/03\/0746E543-E573-4AE1-9FEA-54A2DB268DFA-1-1024x684.jpeg\" alt=\"\" class=\"wp-image-841\" srcset=\"https:\/\/vlasovapawlica.de\/wp-content\/uploads\/2020\/03\/0746E543-E573-4AE1-9FEA-54A2DB268DFA-1-1024x684.jpeg 1024w, https:\/\/vlasovapawlica.de\/wp-content\/uploads\/2020\/03\/0746E543-E573-4AE1-9FEA-54A2DB268DFA-1-300x200.jpeg 300w, https:\/\/vlasovapawlica.de\/wp-content\/uploads\/2020\/03\/0746E543-E573-4AE1-9FEA-54A2DB268DFA-1-768x513.jpeg 768w, https:\/\/vlasovapawlica.de\/wp-content\/uploads\/2020\/03\/0746E543-E573-4AE1-9FEA-54A2DB268DFA-1-1536x1027.jpeg 1536w, https:\/\/vlasovapawlica.de\/wp-content\/uploads\/2020\/03\/0746E543-E573-4AE1-9FEA-54A2DB268DFA-1-2048x1369.jpeg 2048w, https:\/\/vlasovapawlica.de\/wp-content\/uploads\/2020\/03\/0746E543-E573-4AE1-9FEA-54A2DB268DFA-1-1200x802.jpeg 1200w, https:\/\/vlasovapawlica.de\/wp-content\/uploads\/2020\/03\/0746E543-E573-4AE1-9FEA-54A2DB268DFA-1-1980x1323.jpeg 1980w, https:\/\/vlasovapawlica.de\/wp-content\/uploads\/2020\/03\/0746E543-E573-4AE1-9FEA-54A2DB268DFA-1-1320x882.jpeg 1320w\" sizes=\"(max-width: 1024px) 100vw, 1024px\" \/><\/figure>\n<\/div>\n\n\n\n<div class=\"wp-block-column is-layout-flow wp-block-column-is-layout-flow\">\n<p><strong>Premiere:<\/strong> 20.10.2017, Theateratelier 14H Offenbach<\/p>\n\n\n\n<p>EINE KOPRODUKTION VON VLASOVA \/ PAWLICA MIT THEATERATELIER 14H OFFENBACH<\/p>\n\n\n\n<p><strong>Gef\u00f6rdert von der Kulturstiftung der Sparkasse Offenbach am Main<\/strong><\/p>\n\n\n\n<p>So simpel dieses kleine Wort erscheint, so komplex sind die Emotionen und Vorg\u00e4nge dahinter. Unser freie Szene Deb\u00fct St\u00fcck wurde bislang bereits an die 20 Mal in Deutschland und \u00d6sterreich gespielt.<\/p>\n\n\n\n<p>In diesem Abend erforschen wir das Gef\u00fchl der Liebe in all seinen Facetten, dabei liegt der Fokus auf dem Duet als Form, das mit Dynamiken und den M\u00f6glichkeiten des K\u00f6rpers, dessen Vermittlung von Z\u00e4rtlichkeit bis Aggressivit\u00e4t gro\u00dfen Spielraum gibt, spielt.<\/p>\n\n\n\n<p><br>Inspirierend fanden wir dabei diverse Texte von Thomas Brasch, Richard David Precht und anderen Schriftstellern.<\/p>\n\n\n\n<p><strong>Tanz:<\/strong> Katerina Vlasova, Amadeus Pawlica<\/p>\n<\/div>\n<\/div>\n\n\n\n<div class=\"wp-block-columns alignwide is-layout-flex wp-container-core-columns-is-layout-2 wp-block-columns-is-layout-flex\">\n<div class=\"wp-block-column is-layout-flow wp-block-column-is-layout-flow\">\n<p><strong><em>PRESSE<\/em><\/strong><\/p>\n\n\n\n<p>\u201e<em>Die Premierevorstellung im Oktober war vollst\u00e4ndig ausverkauft und auch am zweiten Abend stand das Publikum Schlange im Theateratelier in der Bleichstra\u00dfe. Das Tanz- und Choreografenduo Katerina Vlasova und Amadeus Pawlica ist neu in der Stadt und hat sofort ein interessiertes Publikum erreicht und begeistert. Die anspruchsvolle und sch\u00f6ne Choreographie \u201aLIEBE\u2018 \u00fcberzeugte durch ausdrucksstarken Tanz, gelungene Musikauswahl und die facettenreiche Auseinandersetzung mit dem Thema.\u201c<\/em><\/p>\n\n\n\n<p>MUT&amp;LIEBE STADTMAGAZIN<\/p>\n\n\n\n<p><\/p>\n\n\n\n<p><em>\u201eIn fabelhafter Plastizit\u00e4t lie\u00df das Paar das Aufbl\u00fchen, ihre Zuneigung, ihre sprossende Liebe und die in h\u00f6chster Aufregung im Bauch flatternden Schmetterlinge erleben. Die eleganten, aber auch voller Erotik und absolut synchron verlaufenden Bewegungen, immer wieder unterbrochen vom schriftlichen Fixieren ihrer Gef\u00fchlswelt per Kreideschrift, und die Motorik der Musik Vivaldis hatten dabei eine ganz eigene Faszination.<br>Gro\u00dfes Lob f\u00fcr Katerina Vlasova und Amadeus Pawlica und ihrem \u00fcberzeugend getanzten, mimisch gro\u00dfartig versinnbildlichten und stellenweise mit kraftvoller Akrobatik untersetzten Liebesabend. Er wurde v\u00f6llig zurecht mit sehr, sehr viel Beifall belohnt.\u201c<\/em><\/p>\n\n\n\n<p>LEIPZIGER VOLKSZEITUNG<\/p>\n<\/div>\n<\/div>\n<div class=\"sharedaddy sd-sharing-enabled\"><div class=\"robots-nocontent sd-block sd-social sd-social-icon sd-sharing\"><h3 class=\"sd-title\">Teilen mit:<\/h3><div class=\"sd-content\"><ul><li class=\"share-twitter\"><a rel=\"nofollow noopener noreferrer\" data-shared=\"sharing-twitter-1068\" class=\"share-twitter sd-button share-icon no-text\" href=\"https:\/\/vlasovapawlica.de\/?page_id=1068&amp;share=twitter\" target=\"_blank\" title=\"Klick, um \u00fcber Twitter zu teilen\"><span><\/span><span class=\"sharing-screen-reader-text\">Klick, um \u00fcber Twitter zu teilen (Wird in neuem Fenster ge\u00f6ffnet)<\/span><\/a><\/li><li class=\"share-facebook\"><a rel=\"nofollow noopener noreferrer\" data-shared=\"sharing-facebook-1068\" class=\"share-facebook sd-button share-icon no-text\" href=\"https:\/\/vlasovapawlica.de\/?page_id=1068&amp;share=facebook\" target=\"_blank\" title=\"Klick, um auf Facebook zu teilen\"><span><\/span><span class=\"sharing-screen-reader-text\">Klick, um auf Facebook zu teilen (Wird in neuem Fenster ge\u00f6ffnet)<\/span><\/a><\/li><li class=\"share-end\"><\/li><\/ul><\/div><\/div><\/div>","protected":false},"excerpt":{"rendered":"<p>Premiere: 20.10.2017, Theateratelier 14H Offenbach EINE KOPRODUKTION VON VLASOVA \/ PAWLICA MIT THEATERATELIER 14H OFFENBACH Gef\u00f6rdert von der Kulturstiftung der Sparkasse Offenbach am Main So simpel dieses kleine Wort erscheint, so komplex sind die Emotionen und Vorg\u00e4nge dahinter. Unser freie Szene Deb\u00fct St\u00fcck wurde bislang bereits an die 20 Mal in Deutschland und \u00d6sterreich gespielt.&hellip;<\/p>\n<div class=\"sharedaddy sd-sharing-enabled\"><div class=\"robots-nocontent sd-block sd-social sd-social-icon sd-sharing\"><h3 class=\"sd-title\">Teilen mit:<\/h3><div class=\"sd-content\"><ul><li class=\"share-twitter\"><a rel=\"nofollow noopener noreferrer\" data-shared=\"sharing-twitter-1068\" class=\"share-twitter sd-button share-icon no-text\" href=\"https:\/\/vlasovapawlica.de\/?page_id=1068&amp;share=twitter\" target=\"_blank\" title=\"Klick, um \u00fcber Twitter zu teilen\"><span><\/span><span class=\"sharing-screen-reader-text\">Klick, um \u00fcber Twitter zu teilen (Wird in neuem Fenster ge\u00f6ffnet)<\/span><\/a><\/li><li class=\"share-facebook\"><a rel=\"nofollow noopener noreferrer\" data-shared=\"sharing-facebook-1068\" class=\"share-facebook sd-button share-icon no-text\" href=\"https:\/\/vlasovapawlica.de\/?page_id=1068&amp;share=facebook\" target=\"_blank\" title=\"Klick, um auf Facebook zu teilen\"><span><\/span><span class=\"sharing-screen-reader-text\">Klick, um auf Facebook zu teilen (Wird in neuem Fenster ge\u00f6ffnet)<\/span><\/a><\/li><li class=\"share-end\"><\/li><\/ul><\/div><\/div><\/div>","protected":false},"author":1,"featured_media":0,"parent":0,"menu_order":4,"comment_status":"closed","ping_status":"closed","template":"","meta":{"_acf_changed":false,"spay_email":"","footnotes":""},"acf":[],"jetpack_likes_enabled":true,"jetpack_sharing_enabled":true,"jetpack_shortlink":"https:\/\/wp.me\/Pcv3L7-he","_links":{"self":[{"href":"https:\/\/vlasovapawlica.de\/index.php?rest_route=\/wp\/v2\/pages\/1068"}],"collection":[{"href":"https:\/\/vlasovapawlica.de\/index.php?rest_route=\/wp\/v2\/pages"}],"about":[{"href":"https:\/\/vlasovapawlica.de\/index.php?rest_route=\/wp\/v2\/types\/page"}],"author":[{"embeddable":true,"href":"https:\/\/vlasovapawlica.de\/index.php?rest_route=\/wp\/v2\/users\/1"}],"replies":[{"embeddable":true,"href":"https:\/\/vlasovapawlica.de\/index.php?rest_route=%2Fwp%2Fv2%2Fcomments&post=1068"}],"version-history":[{"count":1,"href":"https:\/\/vlasovapawlica.de\/index.php?rest_route=\/wp\/v2\/pages\/1068\/revisions"}],"predecessor-version":[{"id":1069,"href":"https:\/\/vlasovapawlica.de\/index.php?rest_route=\/wp\/v2\/pages\/1068\/revisions\/1069"}],"wp:attachment":[{"href":"https:\/\/vlasovapawlica.de\/index.php?rest_route=%2Fwp%2Fv2%2Fmedia&parent=1068"}],"curies":[{"name":"wp","href":"https:\/\/api.w.org\/{rel}","templated":true}]}}