{"id":1061,"date":"2021-09-09T18:31:59","date_gmt":"2021-09-09T16:31:59","guid":{"rendered":"https:\/\/vlasovapawlica.de\/?page_id=1061"},"modified":"2021-09-09T18:32:01","modified_gmt":"2021-09-09T16:32:01","slug":"cabaret-2018","status":"publish","type":"page","link":"https:\/\/vlasovapawlica.de\/?page_id=1061","title":{"rendered":"CABARET (2018)"},"content":{"rendered":"\n<div class=\"wp-block-columns alignwide is-layout-flex wp-container-core-columns-is-layout-1 wp-block-columns-is-layout-flex\">\n<div class=\"wp-block-column is-layout-flow wp-block-column-is-layout-flow\">\n<figure class=\"wp-block-image size-large\"><img loading=\"lazy\" decoding=\"async\" width=\"1024\" height=\"683\" data-attachment-id=\"836\" data-permalink=\"https:\/\/vlasovapawlica.de\/?attachment_id=836\" data-orig-file=\"https:\/\/vlasovapawlica.de\/wp-content\/uploads\/2020\/03\/6U6A6500-1-scaled.jpg\" data-orig-size=\"2560,1707\" data-comments-opened=\"0\" data-image-meta=\"{&quot;aperture&quot;:&quot;2.8&quot;,&quot;credit&quot;:&quot;Ronny Ristok    ronny.ristok@tpthueringen.de&quot;,&quot;camera&quot;:&quot;Canon EOS 5D Mark IV&quot;,&quot;caption&quot;:&quot;&quot;,&quot;created_timestamp&quot;:&quot;1537639475&quot;,&quot;copyright&quot;:&quot;Ronny Ristok&quot;,&quot;focal_length&quot;:&quot;35&quot;,&quot;iso&quot;:&quot;1600&quot;,&quot;shutter_speed&quot;:&quot;0.00625&quot;,&quot;title&quot;:&quot;&quot;,&quot;orientation&quot;:&quot;1&quot;}\" data-image-title=\"6U6A6500-1\" data-image-description=\"\" data-image-caption=\"\" data-medium-file=\"https:\/\/vlasovapawlica.de\/wp-content\/uploads\/2020\/03\/6U6A6500-1-300x200.jpg\" data-large-file=\"https:\/\/vlasovapawlica.de\/wp-content\/uploads\/2020\/03\/6U6A6500-1-1024x683.jpg\" src=\"https:\/\/vlasovapawlica.de\/wp-content\/uploads\/2020\/03\/6U6A6500-1-1024x683.jpg\" alt=\"\" class=\"wp-image-836\" srcset=\"https:\/\/vlasovapawlica.de\/wp-content\/uploads\/2020\/03\/6U6A6500-1-1024x683.jpg 1024w, https:\/\/vlasovapawlica.de\/wp-content\/uploads\/2020\/03\/6U6A6500-1-300x200.jpg 300w, https:\/\/vlasovapawlica.de\/wp-content\/uploads\/2020\/03\/6U6A6500-1-768x512.jpg 768w, https:\/\/vlasovapawlica.de\/wp-content\/uploads\/2020\/03\/6U6A6500-1-1536x1024.jpg 1536w, https:\/\/vlasovapawlica.de\/wp-content\/uploads\/2020\/03\/6U6A6500-1-2048x1365.jpg 2048w, https:\/\/vlasovapawlica.de\/wp-content\/uploads\/2020\/03\/6U6A6500-1-1200x800.jpg 1200w, https:\/\/vlasovapawlica.de\/wp-content\/uploads\/2020\/03\/6U6A6500-1-1980x1320.jpg 1980w, https:\/\/vlasovapawlica.de\/wp-content\/uploads\/2020\/03\/6U6A6500-1-1320x880.jpg 1320w\" sizes=\"(max-width: 1024px) 100vw, 1024px\" \/><\/figure>\n\n\n\n<figure class=\"wp-block-embed is-type-video is-provider-vimeo wp-block-embed-vimeo wp-embed-aspect-16-9 wp-has-aspect-ratio\"><div class=\"wp-block-embed__wrapper\">\n<div class=\"embed-vimeo\" style=\"text-align: center;\"><iframe loading=\"lazy\" src=\"https:\/\/player.vimeo.com\/video\/278144533\" width=\"800\" height=\"450\" frameborder=\"0\" webkitallowfullscreen mozallowfullscreen allowfullscreen><\/iframe><\/div>\n<\/div><\/figure>\n\n\n\n<figure class=\"wp-block-image size-large\"><img loading=\"lazy\" decoding=\"async\" width=\"1024\" height=\"683\" data-attachment-id=\"1062\" data-permalink=\"https:\/\/vlasovapawlica.de\/?attachment_id=1062\" data-orig-file=\"https:\/\/vlasovapawlica.de\/wp-content\/uploads\/2021\/09\/6u6a7239_seite-10-scaled.jpg\" data-orig-size=\"2560,1707\" data-comments-opened=\"0\" data-image-meta=\"{&quot;aperture&quot;:&quot;3.2&quot;,&quot;credit&quot;:&quot;Ronny Ristok    ronny.ristok@tpthueringen.de&quot;,&quot;camera&quot;:&quot;Canon EOS 5D Mark IV&quot;,&quot;caption&quot;:&quot;&quot;,&quot;created_timestamp&quot;:&quot;1537647071&quot;,&quot;copyright&quot;:&quot;Ronny Ristok&quot;,&quot;focal_length&quot;:&quot;21&quot;,&quot;iso&quot;:&quot;1250&quot;,&quot;shutter_speed&quot;:&quot;0.00625&quot;,&quot;title&quot;:&quot;&quot;,&quot;orientation&quot;:&quot;1&quot;}\" data-image-title=\"6u6a7239_seite-10\" data-image-description=\"\" data-image-caption=\"\" data-medium-file=\"https:\/\/vlasovapawlica.de\/wp-content\/uploads\/2021\/09\/6u6a7239_seite-10-300x200.jpg\" data-large-file=\"https:\/\/vlasovapawlica.de\/wp-content\/uploads\/2021\/09\/6u6a7239_seite-10-1024x683.jpg\" src=\"https:\/\/vlasovapawlica.de\/wp-content\/uploads\/2021\/09\/6u6a7239_seite-10-1024x683.jpg\" alt=\"\" class=\"wp-image-1062\" srcset=\"https:\/\/vlasovapawlica.de\/wp-content\/uploads\/2021\/09\/6u6a7239_seite-10-1024x683.jpg 1024w, https:\/\/vlasovapawlica.de\/wp-content\/uploads\/2021\/09\/6u6a7239_seite-10-300x200.jpg 300w, https:\/\/vlasovapawlica.de\/wp-content\/uploads\/2021\/09\/6u6a7239_seite-10-768x512.jpg 768w, https:\/\/vlasovapawlica.de\/wp-content\/uploads\/2021\/09\/6u6a7239_seite-10-1536x1024.jpg 1536w, https:\/\/vlasovapawlica.de\/wp-content\/uploads\/2021\/09\/6u6a7239_seite-10-2048x1365.jpg 2048w, https:\/\/vlasovapawlica.de\/wp-content\/uploads\/2021\/09\/6u6a7239_seite-10-1200x800.jpg 1200w, https:\/\/vlasovapawlica.de\/wp-content\/uploads\/2021\/09\/6u6a7239_seite-10-1980x1320.jpg 1980w, https:\/\/vlasovapawlica.de\/wp-content\/uploads\/2021\/09\/6u6a7239_seite-10-1320x880.jpg 1320w\" sizes=\"(max-width: 1024px) 100vw, 1024px\" \/><\/figure>\n\n\n\n<p><em>Fotos: Ronny Ristock<\/em><\/p>\n<\/div>\n\n\n\n<div class=\"wp-block-column is-layout-flow wp-block-column-is-layout-flow\">\n<p><strong>Premiere:<\/strong>\u00a028.09.2018 Theater Altenburg-Gera \/ Theater Gera<\/p>\n\n\n\n<p>Buch von Joe Mastero<br>Nach dem St\u00fcck Ich bin eine Kamera von John van Druten und Erz\u00e4hlungen von Christopher Isherwood \u00b7 Gesangstexte von Fred Ebb Musik von John Kander \u00b7 Deutsch von Robert Gilbert<br>In der reduzierten Orchesterfassung von Chris Walker (1997)<\/p>\n\n\n\n<p><strong>Regie: <\/strong>Lydia Bunk<\/p>\n\n\n\n<p><strong>Kost\u00fcme:<\/strong> Bianca Deigner<\/p>\n\n\n\n<p><strong>B\u00fchne: <\/strong>Matthias R\u00fcmmler<\/p>\n\n\n\n<p><strong>Musikalische Leitung: <\/strong>Olav Kr\u00f6ger<\/p>\n\n\n\n<p><strong>Dramaturgie:<\/strong> Svea Haugwitz<\/p>\n\n\n\n<hr class=\"wp-block-separator has-text-color has-background has-accent-background-color has-accent-color is-style-dots\"\/>\n\n\n\n<p><strong>Sally Bowles<\/strong> Nolundi Tschudi<br><strong>Conferencier<\/strong> Manuel Struffolino<br><strong>Clifford Bradshaw<\/strong> Sebastian Schlicht<br><strong>Fr\u00e4ulein Schneider<\/strong> Mechthild Scrobanita<br><strong>Herr Schulz<\/strong> Thomas C. Zinke<br><strong>Ernst<\/strong> Thorsten Dara<br><strong>Fr\u00e4ulein Kost<\/strong> Michaela Dazian<br><strong>Zollbeamter\/ Taxifahrer\/ Tenor\/ Kellner\/ Stimme Lautsprecher <\/strong>Johannes Emmrich<br><strong>Girls, Matrosen<\/strong> Eleven des Th\u00fcringer Staatsballetts<\/p>\n<\/div>\n<\/div>\n\n\n\n<div class=\"wp-block-columns alignwide is-layout-flex wp-container-core-columns-is-layout-2 wp-block-columns-is-layout-flex\">\n<div class=\"wp-block-column is-layout-flow wp-block-column-is-layout-flow\">\n<p><strong><em>PRESSE<\/em><\/strong><\/p>\n\n\n\n<p><em>Diese \u201eCabaret\u201c-Produktion greift ans Herz und geht an die Nieren. Alle auf der B\u00fchne agieren mit hoher Sensibilit\u00e4t und Eindringlichkeit&#8230;. Die zehn Eleven des Th\u00fcringer Staatsballetts poussieren mit prickelnder Klasse im multikulturellen Kit-Kat-Klub, auch Dank der Choreographie des Duos Vlasova\/Pawlica&#8230;. Es macht also die Inszenierung von Lydia Bunk, die alle Figuren bemerkenswert genau abklopft, sogar noch spannender, dass diese am Anfang nichts von den folgenden Entwicklungen verr\u00e4t&#8230;.<\/em><\/p>\n\n\n\n<p>LEIPZIGER VOLKSZEITUNG 02.10.2018<\/p>\n\n\n\n<p><\/p>\n\n\n\n<p><em>Olav Kr\u00f6ger setzt auf transparenten Klang und dirigiert die Mitglieder des Philharmonischen Orchesters vom Piano&#8230;. Die Wucht des Mittelma\u00dfes ist hier gro\u00dfe Kunst und charakteresiert sehr genau die Zeit der Zeitenwende. Dabei gelingt es der Auff\u00fchrung, nie ins Monstr\u00f6se abzudriften, vielmehr die Frage nach dem Warum zu stellen&#8230; Nolundi Tschudi ist in ihrer Darstellung eine beeindruckende Sally&#8230;. Lydia Bunk hat mit dem Schauspielensemble des Theaters Gera\/Altenburg aus &#8222;Cabaret&#8220; ein unaufdringlich hochpolitisches Ereignis gemacht<\/em>.<\/p>\n\n\n\n<p>MUSICALS 12\/08<\/p>\n<\/div>\n<\/div>\n<div class=\"sharedaddy sd-sharing-enabled\"><div class=\"robots-nocontent sd-block sd-social sd-social-icon sd-sharing\"><h3 class=\"sd-title\">Teilen mit:<\/h3><div class=\"sd-content\"><ul><li class=\"share-twitter\"><a rel=\"nofollow noopener noreferrer\" data-shared=\"sharing-twitter-1061\" class=\"share-twitter sd-button share-icon no-text\" href=\"https:\/\/vlasovapawlica.de\/?page_id=1061&amp;share=twitter\" target=\"_blank\" title=\"Klick, um \u00fcber Twitter zu teilen\"><span><\/span><span class=\"sharing-screen-reader-text\">Klick, um \u00fcber Twitter zu teilen (Wird in neuem Fenster ge\u00f6ffnet)<\/span><\/a><\/li><li class=\"share-facebook\"><a rel=\"nofollow noopener noreferrer\" data-shared=\"sharing-facebook-1061\" class=\"share-facebook sd-button share-icon no-text\" href=\"https:\/\/vlasovapawlica.de\/?page_id=1061&amp;share=facebook\" target=\"_blank\" title=\"Klick, um auf Facebook zu teilen\"><span><\/span><span class=\"sharing-screen-reader-text\">Klick, um auf Facebook zu teilen (Wird in neuem Fenster ge\u00f6ffnet)<\/span><\/a><\/li><li class=\"share-end\"><\/li><\/ul><\/div><\/div><\/div>","protected":false},"excerpt":{"rendered":"<p>Fotos: Ronny Ristock Premiere:\u00a028.09.2018 Theater Altenburg-Gera \/ Theater Gera Buch von Joe MasteroNach dem St\u00fcck Ich bin eine Kamera von John van Druten und Erz\u00e4hlungen von Christopher Isherwood \u00b7 Gesangstexte von Fred Ebb Musik von John Kander \u00b7 Deutsch von Robert GilbertIn der reduzierten Orchesterfassung von Chris Walker (1997) Regie: Lydia Bunk Kost\u00fcme: Bianca Deigner&hellip;<\/p>\n<div class=\"sharedaddy sd-sharing-enabled\"><div class=\"robots-nocontent sd-block sd-social sd-social-icon sd-sharing\"><h3 class=\"sd-title\">Teilen mit:<\/h3><div class=\"sd-content\"><ul><li class=\"share-twitter\"><a rel=\"nofollow noopener noreferrer\" data-shared=\"sharing-twitter-1061\" class=\"share-twitter sd-button share-icon no-text\" href=\"https:\/\/vlasovapawlica.de\/?page_id=1061&amp;share=twitter\" target=\"_blank\" title=\"Klick, um \u00fcber Twitter zu teilen\"><span><\/span><span class=\"sharing-screen-reader-text\">Klick, um \u00fcber Twitter zu teilen (Wird in neuem Fenster ge\u00f6ffnet)<\/span><\/a><\/li><li class=\"share-facebook\"><a rel=\"nofollow noopener noreferrer\" data-shared=\"sharing-facebook-1061\" class=\"share-facebook sd-button share-icon no-text\" href=\"https:\/\/vlasovapawlica.de\/?page_id=1061&amp;share=facebook\" target=\"_blank\" title=\"Klick, um auf Facebook zu teilen\"><span><\/span><span class=\"sharing-screen-reader-text\">Klick, um auf Facebook zu teilen (Wird in neuem Fenster ge\u00f6ffnet)<\/span><\/a><\/li><li class=\"share-end\"><\/li><\/ul><\/div><\/div><\/div>","protected":false},"author":1,"featured_media":0,"parent":0,"menu_order":6,"comment_status":"closed","ping_status":"closed","template":"","meta":{"_acf_changed":false,"spay_email":"","footnotes":""},"acf":[],"jetpack_likes_enabled":true,"jetpack_sharing_enabled":true,"jetpack_shortlink":"https:\/\/wp.me\/Pcv3L7-h7","_links":{"self":[{"href":"https:\/\/vlasovapawlica.de\/index.php?rest_route=\/wp\/v2\/pages\/1061"}],"collection":[{"href":"https:\/\/vlasovapawlica.de\/index.php?rest_route=\/wp\/v2\/pages"}],"about":[{"href":"https:\/\/vlasovapawlica.de\/index.php?rest_route=\/wp\/v2\/types\/page"}],"author":[{"embeddable":true,"href":"https:\/\/vlasovapawlica.de\/index.php?rest_route=\/wp\/v2\/users\/1"}],"replies":[{"embeddable":true,"href":"https:\/\/vlasovapawlica.de\/index.php?rest_route=%2Fwp%2Fv2%2Fcomments&post=1061"}],"version-history":[{"count":1,"href":"https:\/\/vlasovapawlica.de\/index.php?rest_route=\/wp\/v2\/pages\/1061\/revisions"}],"predecessor-version":[{"id":1063,"href":"https:\/\/vlasovapawlica.de\/index.php?rest_route=\/wp\/v2\/pages\/1061\/revisions\/1063"}],"wp:attachment":[{"href":"https:\/\/vlasovapawlica.de\/index.php?rest_route=%2Fwp%2Fv2%2Fmedia&parent=1061"}],"curies":[{"name":"wp","href":"https:\/\/api.w.org\/{rel}","templated":true}]}}