{"id":1055,"date":"2021-09-09T18:17:12","date_gmt":"2021-09-09T16:17:12","guid":{"rendered":"https:\/\/vlasovapawlica.de\/?page_id=1055"},"modified":"2021-09-09T18:17:15","modified_gmt":"2021-09-09T16:17:15","slug":"clowns-2019","status":"publish","type":"page","link":"https:\/\/vlasovapawlica.de\/?page_id=1055","title":{"rendered":"CLOWNS (2019)"},"content":{"rendered":"\n<div class=\"wp-block-columns alignwide is-layout-flex wp-container-core-columns-is-layout-1 wp-block-columns-is-layout-flex\">\n<div class=\"wp-block-column is-layout-flow wp-block-column-is-layout-flow\">\n<figure class=\"wp-block-image size-large\"><img loading=\"lazy\" decoding=\"async\" width=\"1024\" height=\"670\" data-attachment-id=\"834\" data-permalink=\"https:\/\/vlasovapawlica.de\/?attachment_id=834\" data-orig-file=\"https:\/\/vlasovapawlica.de\/wp-content\/uploads\/2020\/03\/clowns-hp-4716.jpg\" data-orig-size=\"2362,1546\" data-comments-opened=\"0\" data-image-meta=\"{&quot;aperture&quot;:&quot;4&quot;,&quot;credit&quot;:&quot;Ronny Ristok    ronny.ristok@tpt&quot;,&quot;camera&quot;:&quot;Canon EOS 5D Mark IV&quot;,&quot;caption&quot;:&quot;&quot;,&quot;created_timestamp&quot;:&quot;1552591116&quot;,&quot;copyright&quot;:&quot;Ronny Ristok&quot;,&quot;focal_length&quot;:&quot;70&quot;,&quot;iso&quot;:&quot;2000&quot;,&quot;shutter_speed&quot;:&quot;0.0125&quot;,&quot;title&quot;:&quot;&quot;,&quot;orientation&quot;:&quot;0&quot;}\" data-image-title=\"clowns-hp-4716\" data-image-description=\"\" data-image-caption=\"\" data-medium-file=\"https:\/\/vlasovapawlica.de\/wp-content\/uploads\/2020\/03\/clowns-hp-4716-300x196.jpg\" data-large-file=\"https:\/\/vlasovapawlica.de\/wp-content\/uploads\/2020\/03\/clowns-hp-4716-1024x670.jpg\" src=\"https:\/\/vlasovapawlica.de\/wp-content\/uploads\/2020\/03\/clowns-hp-4716-1024x670.jpg\" alt=\"\" class=\"wp-image-834\" srcset=\"https:\/\/vlasovapawlica.de\/wp-content\/uploads\/2020\/03\/clowns-hp-4716-1024x670.jpg 1024w, https:\/\/vlasovapawlica.de\/wp-content\/uploads\/2020\/03\/clowns-hp-4716-300x196.jpg 300w, https:\/\/vlasovapawlica.de\/wp-content\/uploads\/2020\/03\/clowns-hp-4716-768x503.jpg 768w, https:\/\/vlasovapawlica.de\/wp-content\/uploads\/2020\/03\/clowns-hp-4716-1536x1005.jpg 1536w, https:\/\/vlasovapawlica.de\/wp-content\/uploads\/2020\/03\/clowns-hp-4716-2048x1340.jpg 2048w, https:\/\/vlasovapawlica.de\/wp-content\/uploads\/2020\/03\/clowns-hp-4716-1200x785.jpg 1200w, https:\/\/vlasovapawlica.de\/wp-content\/uploads\/2020\/03\/clowns-hp-4716-1980x1296.jpg 1980w, https:\/\/vlasovapawlica.de\/wp-content\/uploads\/2020\/03\/clowns-hp-4716-1320x864.jpg 1320w\" sizes=\"(max-width: 1024px) 100vw, 1024px\" \/><\/figure>\n\n\n\n<figure class=\"wp-block-embed is-type-video is-provider-vimeo wp-block-embed-vimeo wp-embed-aspect-16-9 wp-has-aspect-ratio\"><div class=\"wp-block-embed__wrapper\">\n<div class=\"embed-vimeo\" style=\"text-align: center;\"><iframe loading=\"lazy\" src=\"https:\/\/player.vimeo.com\/video\/338679954\" width=\"800\" height=\"450\" frameborder=\"0\" webkitallowfullscreen mozallowfullscreen allowfullscreen><\/iframe><\/div>\n<\/div><\/figure>\n\n\n\n<figure class=\"wp-block-image size-large\"><img loading=\"lazy\" decoding=\"async\" width=\"1024\" height=\"683\" data-attachment-id=\"1056\" data-permalink=\"https:\/\/vlasovapawlica.de\/?attachment_id=1056\" data-orig-file=\"https:\/\/vlasovapawlica.de\/wp-content\/uploads\/2021\/09\/IMG_6923.jpg\" data-orig-size=\"2362,1575\" data-comments-opened=\"0\" data-image-meta=\"{&quot;aperture&quot;:&quot;4&quot;,&quot;credit&quot;:&quot;Ronny Ristok    ronny.ristok@tpthueringen.de&quot;,&quot;camera&quot;:&quot;Canon EOS 5D Mark IV&quot;,&quot;caption&quot;:&quot;&quot;,&quot;created_timestamp&quot;:&quot;1552340005&quot;,&quot;copyright&quot;:&quot;Ronny Ristok&quot;,&quot;focal_length&quot;:&quot;70&quot;,&quot;iso&quot;:&quot;2000&quot;,&quot;shutter_speed&quot;:&quot;0.003125&quot;,&quot;title&quot;:&quot;&quot;,&quot;orientation&quot;:&quot;0&quot;}\" data-image-title=\"IMG_6923\" data-image-description=\"\" data-image-caption=\"\" data-medium-file=\"https:\/\/vlasovapawlica.de\/wp-content\/uploads\/2021\/09\/IMG_6923-300x200.jpg\" data-large-file=\"https:\/\/vlasovapawlica.de\/wp-content\/uploads\/2021\/09\/IMG_6923-1024x683.jpg\" src=\"https:\/\/vlasovapawlica.de\/wp-content\/uploads\/2021\/09\/IMG_6923-1024x683.jpg\" alt=\"\" class=\"wp-image-1056\" srcset=\"https:\/\/vlasovapawlica.de\/wp-content\/uploads\/2021\/09\/IMG_6923-1024x683.jpg 1024w, https:\/\/vlasovapawlica.de\/wp-content\/uploads\/2021\/09\/IMG_6923-300x200.jpg 300w, https:\/\/vlasovapawlica.de\/wp-content\/uploads\/2021\/09\/IMG_6923-768x512.jpg 768w, https:\/\/vlasovapawlica.de\/wp-content\/uploads\/2021\/09\/IMG_6923-1536x1024.jpg 1536w, https:\/\/vlasovapawlica.de\/wp-content\/uploads\/2021\/09\/IMG_6923-2048x1366.jpg 2048w, https:\/\/vlasovapawlica.de\/wp-content\/uploads\/2021\/09\/IMG_6923-1200x800.jpg 1200w, https:\/\/vlasovapawlica.de\/wp-content\/uploads\/2021\/09\/IMG_6923-1980x1320.jpg 1980w, https:\/\/vlasovapawlica.de\/wp-content\/uploads\/2021\/09\/IMG_6923-1320x880.jpg 1320w\" sizes=\"(max-width: 1024px) 100vw, 1024px\" \/><\/figure>\n\n\n\n<figure class=\"wp-block-image size-large\"><img loading=\"lazy\" decoding=\"async\" width=\"1024\" height=\"658\" data-attachment-id=\"1057\" data-permalink=\"https:\/\/vlasovapawlica.de\/?attachment_id=1057\" data-orig-file=\"https:\/\/vlasovapawlica.de\/wp-content\/uploads\/2021\/09\/IMG_6919.jpg\" data-orig-size=\"2362,1518\" data-comments-opened=\"0\" data-image-meta=\"{&quot;aperture&quot;:&quot;3.5&quot;,&quot;credit&quot;:&quot;Ronny Ristok    ronny.ristok@tpthueringen.de&quot;,&quot;camera&quot;:&quot;Canon EOS 5D Mark IV&quot;,&quot;caption&quot;:&quot;&quot;,&quot;created_timestamp&quot;:&quot;1552338856&quot;,&quot;copyright&quot;:&quot;Ronny Ristok&quot;,&quot;focal_length&quot;:&quot;70&quot;,&quot;iso&quot;:&quot;6400&quot;,&quot;shutter_speed&quot;:&quot;0.01&quot;,&quot;title&quot;:&quot;&quot;,&quot;orientation&quot;:&quot;0&quot;}\" data-image-title=\"IMG_6919\" data-image-description=\"\" data-image-caption=\"\" data-medium-file=\"https:\/\/vlasovapawlica.de\/wp-content\/uploads\/2021\/09\/IMG_6919-300x193.jpg\" data-large-file=\"https:\/\/vlasovapawlica.de\/wp-content\/uploads\/2021\/09\/IMG_6919-1024x658.jpg\" src=\"https:\/\/vlasovapawlica.de\/wp-content\/uploads\/2021\/09\/IMG_6919-1024x658.jpg\" alt=\"\" class=\"wp-image-1057\" srcset=\"https:\/\/vlasovapawlica.de\/wp-content\/uploads\/2021\/09\/IMG_6919-1024x658.jpg 1024w, https:\/\/vlasovapawlica.de\/wp-content\/uploads\/2021\/09\/IMG_6919-300x193.jpg 300w, https:\/\/vlasovapawlica.de\/wp-content\/uploads\/2021\/09\/IMG_6919-768x494.jpg 768w, https:\/\/vlasovapawlica.de\/wp-content\/uploads\/2021\/09\/IMG_6919-1536x987.jpg 1536w, https:\/\/vlasovapawlica.de\/wp-content\/uploads\/2021\/09\/IMG_6919-2048x1316.jpg 2048w, https:\/\/vlasovapawlica.de\/wp-content\/uploads\/2021\/09\/IMG_6919-1200x771.jpg 1200w, https:\/\/vlasovapawlica.de\/wp-content\/uploads\/2021\/09\/IMG_6919-1980x1272.jpg 1980w, https:\/\/vlasovapawlica.de\/wp-content\/uploads\/2021\/09\/IMG_6919-1320x848.jpg 1320w\" sizes=\"(max-width: 1024px) 100vw, 1024px\" \/><\/figure>\n\n\n\n<p><em>Fotos: Ronny Ristock<\/em><\/p>\n<\/div>\n\n\n\n<div class=\"wp-block-column is-layout-flow wp-block-column-is-layout-flow\">\n<p><strong>Premiere Deutschland:<\/strong>\u00a017.03.2019 Theater Altenburg-Gera \/ Theater Altenburg<\/p>\n\n\n\n<p><strong>Premiere Rum\u00e4nien: <\/strong>21.06.2019 Teatrul Na\u021bional Marin Sorescu Craiova<\/p>\n\n\n\n<p><em>EINE KOPRODUKTION VON VLASOVA \/ PAWLICA MIT THEATER ALTENBURG-GERA UND TEATRUL NATIONAL MARIN SORESCU CRAIOVA<\/em><\/p>\n\n\n\n<p>Eine Gruppe Clowns findet sich in einem leeren, verlassenen Raum wieder. Nichts ist hier. Viel ist zu tun. Gemeinsam versucht die Truppe, ihr zu Hause wiederaufzubauen, eine neue Gesellschaft zu formen. Doch der Schein der vermeintlichen sch\u00f6pferischen Freiheit tr\u00fcbt. Schnell geraten die Clowns an ihre Grenzen. Die tradierten Werte und Hierarchien sind tief in ihnen verankert. So stehen die philosophischen Wei\u00dfclowns nach wie vor in der Hierarchie \u00fcber den dummen Augusten. Daf\u00fcr sind die tolpatschigen Kollegen beliebter beim Publikum.<\/p>\n\n\n\n<p>Eingefahrene Mechanismen zu \u00fcberwinden, sich wieder neu und ohne Vorurteile kollegial zu begegnen ist eine Herausforderung f\u00fcr alle Seiten. Die Freiheit muss sich erk\u00e4mpft, Grenzen \u00fcberwunden oder neu gesetzt werden. Doch es wird ihnen gelingen. W\u00e4hrend die Clowns im ersten Teil der Performance noch an ihre Grenzen sto\u00dfen und Konflikte neu verhandeln m\u00fcssen, feiern sie im zweiten Teil ein umso rauschenderes Fest. Sie erlernen ihre F\u00e4higkeiten, das Publikum zu verzaubern, wieder und entdecken neue Talente untereinander. In die alte Welt kommt neue Farbe und so zelebrieren die Clowns das Leben, wie es nur in einer so bunten Gemeinschaft gefeiert werden kann.<\/p>\n\n\n\n<p><strong>B\u00fchne \/ Kost\u00fcme:<\/strong>\u00a0Michaela Kirsche<\/p>\n\n\n\n<p><strong>Performance: <\/strong>Theodora B\u0103lan, Ionu\u0163-Daniel B\u0103nic\u0103, Ines Buchmann, Thorsten Dara, Johannes Emmrich, Daria Ghi\u021bu, Andrei-Petri\u015for \u0218tef\u0103nescu, Ioachim Zarculea<\/p>\n\n\n\n<p><strong>Dramaturgie:<\/strong> Svea Haugwitz<\/p>\n\n\n\n<p><\/p>\n\n\n\n<p> <\/p>\n<\/div>\n<\/div>\n\n\n\n<div class=\"wp-block-columns alignwide is-layout-flex wp-container-core-columns-is-layout-2 wp-block-columns-is-layout-flex\">\n<div class=\"wp-block-column is-layout-flow wp-block-column-is-layout-flow\">\n<p><strong><em>PRESSE<\/em><\/strong><\/p>\n\n\n\n<p><em>Mit einer Bruchlandung landet der Kerl in rot-wei\u00df-gestreiftem Turneranzug hart auf dem B\u00fchnenboden. Sein Traum vom Fliegen zerplatzt ein Mal, zwei Mal, drei Mal. Zu guter Letzt fangen ihn seine Clown-Kollegen auf, tragen ihn auf ihren Armen. Die Botschaft ist simpel: Nur gemeinsam sind wir stark. Und sie ist als Aufruf an Europa, an die Europ\u00e4er gemeint. Denn das bilaterale Kooperationsprojekt \u201eClowns\u201c soll nicht nur \u201ephysische Grenzerfahrung\u201c sein, sondern \u00fcber Grenzen hinweg verbinden.<br>[\u2026]<br>Das Europathema ist dabei allerdings nur lose zu erahnen, man kann auch Anderes in die Szenen hineininterpretieren. Das ist nicht schlimm, im Vordergrund steht ja die Performance. Diese gewinnt nach der Pause an St\u00e4rke, als die Inszenierung verst\u00e4rkt auf die Kleinkunst setzt.<br>[\u2026] Auch wenn die Mitklatschelemente im Hochkulturrahmen ein bisschen komisch wirken, sie passen in diese Inszenierung. Da wird der Radetzky-Marsch pl\u00f6tzlich mit Trillerpfeifen gegeben. Immer wieder ist ein Clown oder eine Clownin beim Scheitern zu sehen, man lacht, weint, ist zusammen.<br>[\u2026] einfach gro\u00dfartig agiert Daria Ghi\u021bu. Von Sekunde eins klebt man an ihrer Clownin, die gerade einem Stummfilm entsprungen zu sein scheint. Ihr Gang, ihre Blicke und Handbewegungen sind hoch pr\u00e4zise und dennoch von einer charmanten, einnehmenden Leichtigkeit. Ihr und den anderen beiden zuzusehen, macht einfach Freude \u2013 und verdeutlicht, wie viel Bewegungskunst auch in der angeblich blo\u00df auf Unterhaltung abzielenden Kleinkunst steckt.\u201c<\/em><br><\/p>\n\n\n\n<p>DIE DEUTSCHE B\u00dcHNE<\/p>\n\n\n\n<p><\/p>\n\n\n\n<p><em>\u201eDie Auff\u00fchrung von \u201eClowns\u201c am Landestheater Altenburg ist sowohl Zirkus wie auch Theater \u2013 und zeigt damit auch die Spannung, die sich zwischen diesen Polen aufbaut. [\u2026]<br>Danach geht der Eiserne Vorhang auf und man sieht eigentlich nichts: nackte B\u00fchnentechnik, null Illusion. Hier geht das Clownsspiel los, das sehr improvisiert wirkt, pur. Diese Reibung, dieser Theaterprachtbau, und dann dieses arme Theater mit maximal ein paar Luftballons und Konfetti, das ist ein sehr effektvolles Setting. Und es macht Spa\u00df zuzugucken.<br>[\u2026] Es ist ja auch der ganze Abend ein St\u00fcck ohne Worte, es ist Pantomime und Tanztheater.<br>Alle haben tats\u00e4chlich aber auch individuell ausgepr\u00e4gt Charaktere, das ist auch sch\u00f6n erspielt. Auch die grauen Anz\u00fcge sind im Detail unterschiedlich gearbeitet. Man kann diesem Kammerspiel, dieser Kammerpantomime sch\u00f6n zusehen, neues Entdecken \u2013 oft auch ganz w\u00f6rtlich. Also wenn da einer aus der Reihe tanzt, oder einer alleine abheben will \u2013 und es nur mit Hilfe der anderen schafft.[\u2026]Bei der Frage, ob hier am Ende eine Geschichte erz\u00e4hlt wird, gibt es vielleicht einen Punkt, an dem sich die Geister scheiden. Die einen sagen \u201azu konkret\u2018, die andere sagen \u201agerade richtig\u2018 in dieser Inszenierung von Katerina Vlasova und Amadeus Pawlica. Beide sind Anfang 30, also noch jung und arbeiten seit drei Jahren als Choreografen-Duo zusammen, \u00fcbrigens auch nicht zum ersten Mal in Altenburg-Gera. Und sie bleiben hier eben sehr abstrakt. Man kann das, was sie sagen \u2013 also EU, Populismus, Brexit \u2013 alles mitdenken und auch entdecken. Man kriegt es aber auch nicht zu deutlich aufs Brot geschmiert.<\/em><\/p>\n\n\n\n<p><em>Ich finde diese Abstraktheit besser als die konkrete Bilder, weil die Bilder einfach dadurch gr\u00f6\u00dfer sind und es am Ende auch eine Sch\u00f6pfungsgeschichte mit biblischen Ausma\u00dfen sein kann, diese Europageschichte, die hier erz\u00e4hlt wird.<\/em><br><\/p>\n\n\n\n<p>MDR Kultur<\/p>\n\n\n\n<p><\/p>\n\n\n\n<p><em>\u201eUrauff\u00fchrungen sind im Theater Altenburg selten. Am Sonntag war eine dieser rar ges\u00e4ten Premieren. Zum ersten Mal wurde das St\u00fcck \u201eClowns\u201c gezeigt. [\u2026] Doch um es vorweg zu nehmen, am Ende hat wohl jeder Gast das Theater mit einem L\u00e4cheln verlassen.<\/em><\/p>\n\n\n\n<p><em>Haupts\u00e4chlich zu Kompositionen von Philip Glass, aber auch zu Ludwig van Beethoven oder Wolfgang Amadeus Mozart f\u00fchrten die Darsteller vom Landestheater und vom rum\u00e4nischen Teatrul National eine Art Tanzperformance auf. [\u2026] im zweiten Teil nach der Pause bewiesen die Darsteller bei den pantomimischen Darbietungen ihr professionelles K\u00f6nnen als Mimen. So brachten sie das Publikum zum Lachen und verleiteten es ein ums andere Mal zu Szenenapplaus. Das L\u00e4cheln in den Gesichtern blieb, bis der Vorhang fiel, der Premierenapplaus abgeklungen war und die G\u00e4ste im Dunkeln des Abends verschwanden.\u201c<\/em><\/p>\n\n\n\n<p>LEIPZIGER VOLKSZEITUNG<\/p>\n\n\n\n<p><\/p>\n<\/div>\n<\/div>\n<div class=\"sharedaddy sd-sharing-enabled\"><div class=\"robots-nocontent sd-block sd-social sd-social-icon sd-sharing\"><h3 class=\"sd-title\">Teilen mit:<\/h3><div class=\"sd-content\"><ul><li class=\"share-twitter\"><a rel=\"nofollow noopener noreferrer\" data-shared=\"sharing-twitter-1055\" class=\"share-twitter sd-button share-icon no-text\" href=\"https:\/\/vlasovapawlica.de\/?page_id=1055&amp;share=twitter\" target=\"_blank\" title=\"Klick, um \u00fcber Twitter zu teilen\"><span><\/span><span class=\"sharing-screen-reader-text\">Klick, um \u00fcber Twitter zu teilen (Wird in neuem Fenster ge\u00f6ffnet)<\/span><\/a><\/li><li class=\"share-facebook\"><a rel=\"nofollow noopener noreferrer\" data-shared=\"sharing-facebook-1055\" class=\"share-facebook sd-button share-icon no-text\" href=\"https:\/\/vlasovapawlica.de\/?page_id=1055&amp;share=facebook\" target=\"_blank\" title=\"Klick, um auf Facebook zu teilen\"><span><\/span><span class=\"sharing-screen-reader-text\">Klick, um auf Facebook zu teilen (Wird in neuem Fenster ge\u00f6ffnet)<\/span><\/a><\/li><li class=\"share-end\"><\/li><\/ul><\/div><\/div><\/div>","protected":false},"excerpt":{"rendered":"<p>Fotos: Ronny Ristock Premiere Deutschland:\u00a017.03.2019 Theater Altenburg-Gera \/ Theater Altenburg Premiere Rum\u00e4nien: 21.06.2019 Teatrul Na\u021bional Marin Sorescu Craiova EINE KOPRODUKTION VON VLASOVA \/ PAWLICA MIT THEATER ALTENBURG-GERA UND TEATRUL NATIONAL MARIN SORESCU CRAIOVA Eine Gruppe Clowns findet sich in einem leeren, verlassenen Raum wieder. Nichts ist hier. Viel ist zu tun. Gemeinsam versucht die Truppe,&hellip;<\/p>\n<div class=\"sharedaddy sd-sharing-enabled\"><div class=\"robots-nocontent sd-block sd-social sd-social-icon sd-sharing\"><h3 class=\"sd-title\">Teilen mit:<\/h3><div class=\"sd-content\"><ul><li class=\"share-twitter\"><a rel=\"nofollow noopener noreferrer\" data-shared=\"sharing-twitter-1055\" class=\"share-twitter sd-button share-icon no-text\" href=\"https:\/\/vlasovapawlica.de\/?page_id=1055&amp;share=twitter\" target=\"_blank\" title=\"Klick, um \u00fcber Twitter zu teilen\"><span><\/span><span class=\"sharing-screen-reader-text\">Klick, um \u00fcber Twitter zu teilen (Wird in neuem Fenster ge\u00f6ffnet)<\/span><\/a><\/li><li class=\"share-facebook\"><a rel=\"nofollow noopener noreferrer\" data-shared=\"sharing-facebook-1055\" class=\"share-facebook sd-button share-icon no-text\" href=\"https:\/\/vlasovapawlica.de\/?page_id=1055&amp;share=facebook\" target=\"_blank\" title=\"Klick, um auf Facebook zu teilen\"><span><\/span><span class=\"sharing-screen-reader-text\">Klick, um auf Facebook zu teilen (Wird in neuem Fenster ge\u00f6ffnet)<\/span><\/a><\/li><li class=\"share-end\"><\/li><\/ul><\/div><\/div><\/div>","protected":false},"author":1,"featured_media":0,"parent":0,"menu_order":8,"comment_status":"closed","ping_status":"closed","template":"","meta":{"_acf_changed":false,"spay_email":"","footnotes":""},"acf":[],"jetpack_likes_enabled":true,"jetpack_sharing_enabled":true,"jetpack_shortlink":"https:\/\/wp.me\/Pcv3L7-h1","_links":{"self":[{"href":"https:\/\/vlasovapawlica.de\/index.php?rest_route=\/wp\/v2\/pages\/1055"}],"collection":[{"href":"https:\/\/vlasovapawlica.de\/index.php?rest_route=\/wp\/v2\/pages"}],"about":[{"href":"https:\/\/vlasovapawlica.de\/index.php?rest_route=\/wp\/v2\/types\/page"}],"author":[{"embeddable":true,"href":"https:\/\/vlasovapawlica.de\/index.php?rest_route=\/wp\/v2\/users\/1"}],"replies":[{"embeddable":true,"href":"https:\/\/vlasovapawlica.de\/index.php?rest_route=%2Fwp%2Fv2%2Fcomments&post=1055"}],"version-history":[{"count":1,"href":"https:\/\/vlasovapawlica.de\/index.php?rest_route=\/wp\/v2\/pages\/1055\/revisions"}],"predecessor-version":[{"id":1058,"href":"https:\/\/vlasovapawlica.de\/index.php?rest_route=\/wp\/v2\/pages\/1055\/revisions\/1058"}],"wp:attachment":[{"href":"https:\/\/vlasovapawlica.de\/index.php?rest_route=%2Fwp%2Fv2%2Fmedia&parent=1055"}],"curies":[{"name":"wp","href":"https:\/\/api.w.org\/{rel}","templated":true}]}}