{"id":1048,"date":"2021-09-09T18:01:19","date_gmt":"2021-09-09T16:01:19","guid":{"rendered":"https:\/\/vlasovapawlica.de\/?page_id=1048"},"modified":"2021-09-09T18:01:21","modified_gmt":"2021-09-09T16:01:21","slug":"romeo-o-julia-2019","status":"publish","type":"page","link":"https:\/\/vlasovapawlica.de\/?page_id=1048","title":{"rendered":"ROMEO \u00d8 JULIA (2019)"},"content":{"rendered":"\n<div class=\"wp-block-columns alignwide is-layout-flex wp-container-core-columns-is-layout-1 wp-block-columns-is-layout-flex\">\n<div class=\"wp-block-column is-layout-flow wp-block-column-is-layout-flow\">\n<figure class=\"wp-block-image size-large\"><img loading=\"lazy\" decoding=\"async\" width=\"1024\" height=\"765\" data-attachment-id=\"1049\" data-permalink=\"https:\/\/vlasovapawlica.de\/?attachment_id=1049\" data-orig-file=\"https:\/\/vlasovapawlica.de\/wp-content\/uploads\/2021\/09\/RJ_3088.jpg\" data-orig-size=\"1500,1120\" data-comments-opened=\"0\" data-image-meta=\"{&quot;aperture&quot;:&quot;2.8&quot;,&quot;credit&quot;:&quot;FOTOLOFT MaciejRusinek&quot;,&quot;camera&quot;:&quot;Canon EOS 6D&quot;,&quot;caption&quot;:&quot;&quot;,&quot;created_timestamp&quot;:&quot;1570646024&quot;,&quot;copyright&quot;:&quot;\\u00a9 FOTOLOFT MaciejRusinek&quot;,&quot;focal_length&quot;:&quot;200&quot;,&quot;iso&quot;:&quot;1000&quot;,&quot;shutter_speed&quot;:&quot;0.005&quot;,&quot;title&quot;:&quot;&quot;,&quot;orientation&quot;:&quot;1&quot;}\" data-image-title=\"RJ_3088\" data-image-description=\"\" data-image-caption=\"\" data-medium-file=\"https:\/\/vlasovapawlica.de\/wp-content\/uploads\/2021\/09\/RJ_3088-300x224.jpg\" data-large-file=\"https:\/\/vlasovapawlica.de\/wp-content\/uploads\/2021\/09\/RJ_3088-1024x765.jpg\" src=\"https:\/\/vlasovapawlica.de\/wp-content\/uploads\/2021\/09\/RJ_3088-1024x765.jpg\" alt=\"\" class=\"wp-image-1049\" srcset=\"https:\/\/vlasovapawlica.de\/wp-content\/uploads\/2021\/09\/RJ_3088-1024x765.jpg 1024w, https:\/\/vlasovapawlica.de\/wp-content\/uploads\/2021\/09\/RJ_3088-300x224.jpg 300w, https:\/\/vlasovapawlica.de\/wp-content\/uploads\/2021\/09\/RJ_3088-768x573.jpg 768w, https:\/\/vlasovapawlica.de\/wp-content\/uploads\/2021\/09\/RJ_3088-1200x896.jpg 1200w, https:\/\/vlasovapawlica.de\/wp-content\/uploads\/2021\/09\/RJ_3088-1320x986.jpg 1320w, https:\/\/vlasovapawlica.de\/wp-content\/uploads\/2021\/09\/RJ_3088.jpg 1500w\" sizes=\"(max-width: 1024px) 100vw, 1024px\" \/><\/figure>\n\n\n\n<figure class=\"wp-block-embed is-type-video is-provider-vimeo wp-block-embed-vimeo wp-embed-aspect-16-9 wp-has-aspect-ratio\"><div class=\"wp-block-embed__wrapper\">\n<div class=\"embed-vimeo\" style=\"text-align: center;\"><iframe loading=\"lazy\" src=\"https:\/\/player.vimeo.com\/video\/377738624\" width=\"800\" height=\"450\" frameborder=\"0\" webkitallowfullscreen mozallowfullscreen allowfullscreen><\/iframe><\/div>\n<\/div><\/figure>\n\n\n\n<figure class=\"wp-block-image size-large\"><img loading=\"lazy\" decoding=\"async\" width=\"1024\" height=\"683\" data-attachment-id=\"1050\" data-permalink=\"https:\/\/vlasovapawlica.de\/?attachment_id=1050\" data-orig-file=\"https:\/\/vlasovapawlica.de\/wp-content\/uploads\/2021\/09\/RJ_2778.jpg\" data-orig-size=\"1500,1000\" data-comments-opened=\"0\" data-image-meta=\"{&quot;aperture&quot;:&quot;2.8&quot;,&quot;credit&quot;:&quot;FOTOLOFT MaciejRusinek&quot;,&quot;camera&quot;:&quot;Canon EOS 6D&quot;,&quot;caption&quot;:&quot;&quot;,&quot;created_timestamp&quot;:&quot;1570643668&quot;,&quot;copyright&quot;:&quot;\\u00a9 FOTOLOFT MaciejRusinek&quot;,&quot;focal_length&quot;:&quot;102&quot;,&quot;iso&quot;:&quot;5000&quot;,&quot;shutter_speed&quot;:&quot;0.008&quot;,&quot;title&quot;:&quot;&quot;,&quot;orientation&quot;:&quot;1&quot;}\" data-image-title=\"RJ_2778\" data-image-description=\"\" data-image-caption=\"\" data-medium-file=\"https:\/\/vlasovapawlica.de\/wp-content\/uploads\/2021\/09\/RJ_2778-300x200.jpg\" data-large-file=\"https:\/\/vlasovapawlica.de\/wp-content\/uploads\/2021\/09\/RJ_2778-1024x683.jpg\" src=\"https:\/\/vlasovapawlica.de\/wp-content\/uploads\/2021\/09\/RJ_2778-1024x683.jpg\" alt=\"\" class=\"wp-image-1050\" srcset=\"https:\/\/vlasovapawlica.de\/wp-content\/uploads\/2021\/09\/RJ_2778-1024x683.jpg 1024w, https:\/\/vlasovapawlica.de\/wp-content\/uploads\/2021\/09\/RJ_2778-300x200.jpg 300w, https:\/\/vlasovapawlica.de\/wp-content\/uploads\/2021\/09\/RJ_2778-768x512.jpg 768w, https:\/\/vlasovapawlica.de\/wp-content\/uploads\/2021\/09\/RJ_2778-1200x800.jpg 1200w, https:\/\/vlasovapawlica.de\/wp-content\/uploads\/2021\/09\/RJ_2778-1320x880.jpg 1320w, https:\/\/vlasovapawlica.de\/wp-content\/uploads\/2021\/09\/RJ_2778.jpg 1500w\" sizes=\"(max-width: 1024px) 100vw, 1024px\" \/><\/figure>\n\n\n\n<figure class=\"wp-block-image size-large\"><img loading=\"lazy\" decoding=\"async\" width=\"1024\" height=\"683\" data-attachment-id=\"1051\" data-permalink=\"https:\/\/vlasovapawlica.de\/?attachment_id=1051\" data-orig-file=\"https:\/\/vlasovapawlica.de\/wp-content\/uploads\/2021\/09\/RJ_3171.jpg\" data-orig-size=\"1500,1000\" data-comments-opened=\"0\" data-image-meta=\"{&quot;aperture&quot;:&quot;2.8&quot;,&quot;credit&quot;:&quot;FOTOLOFT MaciejRusinek&quot;,&quot;camera&quot;:&quot;Canon EOS 6D&quot;,&quot;caption&quot;:&quot;&quot;,&quot;created_timestamp&quot;:&quot;1570646524&quot;,&quot;copyright&quot;:&quot;\\u00a9 FOTOLOFT MaciejRusinek&quot;,&quot;focal_length&quot;:&quot;145&quot;,&quot;iso&quot;:&quot;6400&quot;,&quot;shutter_speed&quot;:&quot;0.008&quot;,&quot;title&quot;:&quot;&quot;,&quot;orientation&quot;:&quot;1&quot;}\" data-image-title=\"RJ_3171\" data-image-description=\"\" data-image-caption=\"\" data-medium-file=\"https:\/\/vlasovapawlica.de\/wp-content\/uploads\/2021\/09\/RJ_3171-300x200.jpg\" data-large-file=\"https:\/\/vlasovapawlica.de\/wp-content\/uploads\/2021\/09\/RJ_3171-1024x683.jpg\" src=\"https:\/\/vlasovapawlica.de\/wp-content\/uploads\/2021\/09\/RJ_3171-1024x683.jpg\" alt=\"\" class=\"wp-image-1051\" srcset=\"https:\/\/vlasovapawlica.de\/wp-content\/uploads\/2021\/09\/RJ_3171-1024x683.jpg 1024w, https:\/\/vlasovapawlica.de\/wp-content\/uploads\/2021\/09\/RJ_3171-300x200.jpg 300w, https:\/\/vlasovapawlica.de\/wp-content\/uploads\/2021\/09\/RJ_3171-768x512.jpg 768w, https:\/\/vlasovapawlica.de\/wp-content\/uploads\/2021\/09\/RJ_3171-1200x800.jpg 1200w, https:\/\/vlasovapawlica.de\/wp-content\/uploads\/2021\/09\/RJ_3171-1320x880.jpg 1320w, https:\/\/vlasovapawlica.de\/wp-content\/uploads\/2021\/09\/RJ_3171.jpg 1500w\" sizes=\"(max-width: 1024px) 100vw, 1024px\" \/><\/figure>\n\n\n\n<p><em>Fotos: Maciej Rusinek<\/em><\/p>\n<\/div>\n\n\n\n<div class=\"wp-block-column is-layout-flow wp-block-column-is-layout-flow\">\n<p><strong>Premiere:&nbsp;<\/strong>10. Oktober 2019, Gallus Theater Frankfurt<\/p>\n\n\n\n<p><em>EINE KOPRODUKTION VON VLASOVA \/ PAWLICA MIT POP UP WORMS FESTIVAL UND GALLUS THEATER FRANKFURT<\/em><\/p>\n\n\n\n<p><strong>Gef\u00f6rdert durch das Kulturamt der Stadt Frankfurt am Main<\/strong><\/p>\n\n\n\n<p>Das St\u00fcck nimmt unser t\u00e4gliches Leben im Rausch auf und zeigt die Geschichte des jungen Liebespaares aus der heutigen Sicht, in einem Club.<\/p>\n\n\n\n<p>Drei T\u00e4nzerinnen veranschaulichen die Geschichte von Romeo &amp; Julia aus der weiblichen Perspektive der Julia, der Amme und Lady Capulet.&nbsp;<\/p>\n\n\n\n<p>Bilder der Einsamkeit, wie die des Edward Hopper und des erfolgreichen Video-K\u00fcnstlers Jonas Lindstroem, der sich immer wieder mit unserer Generation auseinandersetzt, pr\u00e4gen die Club Atmosph\u00e4re des St\u00fcckes, das sich von einem zum anderen Rausch stetig steigert.&nbsp;<\/p>\n\n\n\n<p>Dabei spielt bereits der Titel mit dem mathematischen Symbol \u2205, das f\u00fcr die leere Menge steht.<\/p>\n\n\n\n<p>Romeo und Julia als Teil der Generation Y, eine Generation die st\u00e4ndig auf der Suche nach sich selbst ist, sich am laufenden Band selbst optimiert, aber sich kaum findet.&nbsp;<\/p>\n\n\n\n<p>Eine Generation, die sich st\u00e4ndig selbst feiert, nur wei\u00df sie nicht, wof\u00fcr. Die in einer Welt lebt, in der ein Hype sofort durch den n\u00e4chsten \u00fcbertroffen wird. Einer Welt, in der immer etwas wartet, das scheinbar noch begehrenswerter ist \u2013 und in der es sich offenbar gar nicht lohnt, sich mit dem, was man eben noch haben wollte, zu besch\u00e4ftigen.<\/p>\n\n\n\n<p>Weil man jederzeit etwas Besseres verpassen k\u00f6nnte: einen besseren Club, ein besseres iPhone, einen besseren Partner.<\/p>\n\n\n\n<p><em>\u201eAkku drei Prozent, Aufmerksamkeitsspanne null Sekunden\u201c<\/em><\/p>\n\n\n\n<p><strong>Tanz:<\/strong> Astrid Smits, Valeriya Simchen, Nadja Simchen<\/p>\n\n\n\n<hr class=\"wp-block-separator has-text-color has-background has-accent-background-color has-accent-color is-style-dots\"\/>\n\n\n\n<p><strong>Besonderer Dank gilt den Unterst\u00fctzern unserer Kickstarter Kampagne:<\/strong><\/p>\n\n\n\n<p>Manuel Struffolino, Thorsten Dara, Jolanta und Franz Pawlica, Gunter Starke, Manila Bartnik, Samie Elias, Sophia Ruther, Angelika Sieburg, Harumi Emrich, Tonia Tilch, Irina Castillo, Kilian Hoffmeyer, Isabel Gathof, Sabine Wilp, Francis Dwilling, Mirco Althoff, Sebastian Lietsch, Diana Hasanovic, Johanna Heid, Florian Lochner, Melek Nar, Michael Walter, Bozena Mrozek &amp; Clay Ewing, Elsa Franz, Jonas Roos, Hye Yeon Kim, Beatrice Panero, You, Yoga and Me, Markus Menke, Fabio Boccalatte, Sebastian Koch, Katja Ruther, Ann-Marie Waldvogel, Natalie M\u00fcller<\/p>\n<\/div>\n<\/div>\n<div class=\"sharedaddy sd-sharing-enabled\"><div class=\"robots-nocontent sd-block sd-social sd-social-icon sd-sharing\"><h3 class=\"sd-title\">Teilen mit:<\/h3><div class=\"sd-content\"><ul><li class=\"share-twitter\"><a rel=\"nofollow noopener noreferrer\" data-shared=\"sharing-twitter-1048\" class=\"share-twitter sd-button share-icon no-text\" href=\"https:\/\/vlasovapawlica.de\/?page_id=1048&amp;share=twitter\" target=\"_blank\" title=\"Klick, um \u00fcber Twitter zu teilen\"><span><\/span><span class=\"sharing-screen-reader-text\">Klick, um \u00fcber Twitter zu teilen (Wird in neuem Fenster ge\u00f6ffnet)<\/span><\/a><\/li><li class=\"share-facebook\"><a rel=\"nofollow noopener noreferrer\" data-shared=\"sharing-facebook-1048\" class=\"share-facebook sd-button share-icon no-text\" href=\"https:\/\/vlasovapawlica.de\/?page_id=1048&amp;share=facebook\" target=\"_blank\" title=\"Klick, um auf Facebook zu teilen\"><span><\/span><span class=\"sharing-screen-reader-text\">Klick, um auf Facebook zu teilen (Wird in neuem Fenster ge\u00f6ffnet)<\/span><\/a><\/li><li class=\"share-end\"><\/li><\/ul><\/div><\/div><\/div>","protected":false},"excerpt":{"rendered":"<p>Fotos: Maciej Rusinek Premiere:&nbsp;10. Oktober 2019, Gallus Theater Frankfurt EINE KOPRODUKTION VON VLASOVA \/ PAWLICA MIT POP UP WORMS FESTIVAL UND GALLUS THEATER FRANKFURT Gef\u00f6rdert durch das Kulturamt der Stadt Frankfurt am Main Das St\u00fcck nimmt unser t\u00e4gliches Leben im Rausch auf und zeigt die Geschichte des jungen Liebespaares aus der heutigen Sicht, in einem&hellip;<\/p>\n<div class=\"sharedaddy sd-sharing-enabled\"><div class=\"robots-nocontent sd-block sd-social sd-social-icon sd-sharing\"><h3 class=\"sd-title\">Teilen mit:<\/h3><div class=\"sd-content\"><ul><li class=\"share-twitter\"><a rel=\"nofollow noopener noreferrer\" data-shared=\"sharing-twitter-1048\" class=\"share-twitter sd-button share-icon no-text\" href=\"https:\/\/vlasovapawlica.de\/?page_id=1048&amp;share=twitter\" target=\"_blank\" title=\"Klick, um \u00fcber Twitter zu teilen\"><span><\/span><span class=\"sharing-screen-reader-text\">Klick, um \u00fcber Twitter zu teilen (Wird in neuem Fenster ge\u00f6ffnet)<\/span><\/a><\/li><li class=\"share-facebook\"><a rel=\"nofollow noopener noreferrer\" data-shared=\"sharing-facebook-1048\" class=\"share-facebook sd-button share-icon no-text\" href=\"https:\/\/vlasovapawlica.de\/?page_id=1048&amp;share=facebook\" target=\"_blank\" title=\"Klick, um auf Facebook zu teilen\"><span><\/span><span class=\"sharing-screen-reader-text\">Klick, um auf Facebook zu teilen (Wird in neuem Fenster ge\u00f6ffnet)<\/span><\/a><\/li><li class=\"share-end\"><\/li><\/ul><\/div><\/div><\/div>","protected":false},"author":1,"featured_media":0,"parent":0,"menu_order":10,"comment_status":"closed","ping_status":"closed","template":"","meta":{"_acf_changed":false,"spay_email":"","footnotes":""},"acf":[],"jetpack_likes_enabled":true,"jetpack_sharing_enabled":true,"jetpack_shortlink":"https:\/\/wp.me\/Pcv3L7-gU","_links":{"self":[{"href":"https:\/\/vlasovapawlica.de\/index.php?rest_route=\/wp\/v2\/pages\/1048"}],"collection":[{"href":"https:\/\/vlasovapawlica.de\/index.php?rest_route=\/wp\/v2\/pages"}],"about":[{"href":"https:\/\/vlasovapawlica.de\/index.php?rest_route=\/wp\/v2\/types\/page"}],"author":[{"embeddable":true,"href":"https:\/\/vlasovapawlica.de\/index.php?rest_route=\/wp\/v2\/users\/1"}],"replies":[{"embeddable":true,"href":"https:\/\/vlasovapawlica.de\/index.php?rest_route=%2Fwp%2Fv2%2Fcomments&post=1048"}],"version-history":[{"count":1,"href":"https:\/\/vlasovapawlica.de\/index.php?rest_route=\/wp\/v2\/pages\/1048\/revisions"}],"predecessor-version":[{"id":1052,"href":"https:\/\/vlasovapawlica.de\/index.php?rest_route=\/wp\/v2\/pages\/1048\/revisions\/1052"}],"wp:attachment":[{"href":"https:\/\/vlasovapawlica.de\/index.php?rest_route=%2Fwp%2Fv2%2Fmedia&parent=1048"}],"curies":[{"name":"wp","href":"https:\/\/api.w.org\/{rel}","templated":true}]}}