{"id":1041,"date":"2021-09-09T17:52:48","date_gmt":"2021-09-09T15:52:48","guid":{"rendered":"https:\/\/vlasovapawlica.de\/?page_id=1041"},"modified":"2021-09-09T17:52:50","modified_gmt":"2021-09-09T15:52:50","slug":"haensel-und-gretel-2019","status":"publish","type":"page","link":"https:\/\/vlasovapawlica.de\/?page_id=1041","title":{"rendered":"H\u00c4NSEL UND GRETEL (2019)"},"content":{"rendered":"\n<div class=\"wp-block-columns alignwide is-layout-flex wp-container-core-columns-is-layout-1 wp-block-columns-is-layout-flex\">\n<div class=\"wp-block-column is-layout-flow wp-block-column-is-layout-flow\">\n<figure class=\"wp-block-image size-large\"><img loading=\"lazy\" decoding=\"async\" width=\"1024\" height=\"768\" data-attachment-id=\"837\" data-permalink=\"https:\/\/vlasovapawlica.de\/?attachment_id=837\" data-orig-file=\"https:\/\/vlasovapawlica.de\/wp-content\/uploads\/2020\/03\/CB11F078-9F8E-4CE2-8BB6-5B4751E72868-scaled.jpeg\" data-orig-size=\"2560,1919\" data-comments-opened=\"0\" data-image-meta=\"{&quot;aperture&quot;:&quot;2.8&quot;,&quot;credit&quot;:&quot;FOTOLOFT MaciejRusinek&quot;,&quot;camera&quot;:&quot;Canon EOS 5DS&quot;,&quot;caption&quot;:&quot;&quot;,&quot;created_timestamp&quot;:&quot;1576004089&quot;,&quot;copyright&quot;:&quot;www.fotoloft-maciejrusinek.de&quot;,&quot;focal_length&quot;:&quot;70&quot;,&quot;iso&quot;:&quot;6400&quot;,&quot;shutter_speed&quot;:&quot;0.025&quot;,&quot;title&quot;:&quot;&quot;,&quot;orientation&quot;:&quot;1&quot;}\" data-image-title=\"CB11F078-9F8E-4CE2-8BB6-5B4751E72868\" data-image-description=\"\" data-image-caption=\"\" data-medium-file=\"https:\/\/vlasovapawlica.de\/wp-content\/uploads\/2020\/03\/CB11F078-9F8E-4CE2-8BB6-5B4751E72868-300x225.jpeg\" data-large-file=\"https:\/\/vlasovapawlica.de\/wp-content\/uploads\/2020\/03\/CB11F078-9F8E-4CE2-8BB6-5B4751E72868-1024x768.jpeg\" src=\"https:\/\/vlasovapawlica.de\/wp-content\/uploads\/2020\/03\/CB11F078-9F8E-4CE2-8BB6-5B4751E72868-1024x768.jpeg\" alt=\"\" class=\"wp-image-837\" srcset=\"https:\/\/vlasovapawlica.de\/wp-content\/uploads\/2020\/03\/CB11F078-9F8E-4CE2-8BB6-5B4751E72868-1024x768.jpeg 1024w, https:\/\/vlasovapawlica.de\/wp-content\/uploads\/2020\/03\/CB11F078-9F8E-4CE2-8BB6-5B4751E72868-300x225.jpeg 300w, https:\/\/vlasovapawlica.de\/wp-content\/uploads\/2020\/03\/CB11F078-9F8E-4CE2-8BB6-5B4751E72868-768x576.jpeg 768w, https:\/\/vlasovapawlica.de\/wp-content\/uploads\/2020\/03\/CB11F078-9F8E-4CE2-8BB6-5B4751E72868-1536x1151.jpeg 1536w, https:\/\/vlasovapawlica.de\/wp-content\/uploads\/2020\/03\/CB11F078-9F8E-4CE2-8BB6-5B4751E72868-2048x1535.jpeg 2048w, https:\/\/vlasovapawlica.de\/wp-content\/uploads\/2020\/03\/CB11F078-9F8E-4CE2-8BB6-5B4751E72868-1200x900.jpeg 1200w, https:\/\/vlasovapawlica.de\/wp-content\/uploads\/2020\/03\/CB11F078-9F8E-4CE2-8BB6-5B4751E72868-1980x1484.jpeg 1980w, https:\/\/vlasovapawlica.de\/wp-content\/uploads\/2020\/03\/CB11F078-9F8E-4CE2-8BB6-5B4751E72868-1320x990.jpeg 1320w\" sizes=\"(max-width: 1024px) 100vw, 1024px\" \/><\/figure>\n\n\n\n<figure class=\"wp-block-image size-large\"><img loading=\"lazy\" decoding=\"async\" width=\"1024\" height=\"692\" data-attachment-id=\"1044\" data-permalink=\"https:\/\/vlasovapawlica.de\/?attachment_id=1044\" data-orig-file=\"https:\/\/vlasovapawlica.de\/wp-content\/uploads\/2021\/09\/hg_MGL2657-scaled.jpg\" data-orig-size=\"2560,1729\" data-comments-opened=\"0\" data-image-meta=\"{&quot;aperture&quot;:&quot;2.8&quot;,&quot;credit&quot;:&quot;FOTOLOFT MaciejRusinek&quot;,&quot;camera&quot;:&quot;Canon EOS 5DS&quot;,&quot;caption&quot;:&quot;&quot;,&quot;created_timestamp&quot;:&quot;1576004148&quot;,&quot;copyright&quot;:&quot;www.fotoloft-maciejrusinek.de&quot;,&quot;focal_length&quot;:&quot;75&quot;,&quot;iso&quot;:&quot;6400&quot;,&quot;shutter_speed&quot;:&quot;0.016666666666667&quot;,&quot;title&quot;:&quot;&quot;,&quot;orientation&quot;:&quot;1&quot;}\" data-image-title=\"hg_MGL2657\" data-image-description=\"\" data-image-caption=\"\" data-medium-file=\"https:\/\/vlasovapawlica.de\/wp-content\/uploads\/2021\/09\/hg_MGL2657-300x203.jpg\" data-large-file=\"https:\/\/vlasovapawlica.de\/wp-content\/uploads\/2021\/09\/hg_MGL2657-1024x692.jpg\" src=\"https:\/\/vlasovapawlica.de\/wp-content\/uploads\/2021\/09\/hg_MGL2657-1024x692.jpg\" alt=\"\" class=\"wp-image-1044\" srcset=\"https:\/\/vlasovapawlica.de\/wp-content\/uploads\/2021\/09\/hg_MGL2657-1024x692.jpg 1024w, https:\/\/vlasovapawlica.de\/wp-content\/uploads\/2021\/09\/hg_MGL2657-300x203.jpg 300w, https:\/\/vlasovapawlica.de\/wp-content\/uploads\/2021\/09\/hg_MGL2657-768x519.jpg 768w, https:\/\/vlasovapawlica.de\/wp-content\/uploads\/2021\/09\/hg_MGL2657-1536x1038.jpg 1536w, https:\/\/vlasovapawlica.de\/wp-content\/uploads\/2021\/09\/hg_MGL2657-2048x1384.jpg 2048w, https:\/\/vlasovapawlica.de\/wp-content\/uploads\/2021\/09\/hg_MGL2657-1200x811.jpg 1200w, https:\/\/vlasovapawlica.de\/wp-content\/uploads\/2021\/09\/hg_MGL2657-1980x1338.jpg 1980w, https:\/\/vlasovapawlica.de\/wp-content\/uploads\/2021\/09\/hg_MGL2657-1320x892.jpg 1320w\" sizes=\"(max-width: 1024px) 100vw, 1024px\" \/><\/figure>\n\n\n\n<figure class=\"wp-block-image size-large\"><img loading=\"lazy\" decoding=\"async\" width=\"1024\" height=\"711\" data-attachment-id=\"1045\" data-permalink=\"https:\/\/vlasovapawlica.de\/?attachment_id=1045\" data-orig-file=\"https:\/\/vlasovapawlica.de\/wp-content\/uploads\/2021\/09\/hg_MGL2747-scaled.jpg\" data-orig-size=\"2560,1776\" data-comments-opened=\"0\" data-image-meta=\"{&quot;aperture&quot;:&quot;2.8&quot;,&quot;credit&quot;:&quot;FOTOLOFT MaciejRusinek&quot;,&quot;camera&quot;:&quot;Canon EOS 5DS&quot;,&quot;caption&quot;:&quot;&quot;,&quot;created_timestamp&quot;:&quot;1576004807&quot;,&quot;copyright&quot;:&quot;www.fotoloft-maciejrusinek.de&quot;,&quot;focal_length&quot;:&quot;70&quot;,&quot;iso&quot;:&quot;1600&quot;,&quot;shutter_speed&quot;:&quot;0.016666666666667&quot;,&quot;title&quot;:&quot;&quot;,&quot;orientation&quot;:&quot;1&quot;}\" data-image-title=\"hg_MGL2747\" data-image-description=\"\" data-image-caption=\"\" data-medium-file=\"https:\/\/vlasovapawlica.de\/wp-content\/uploads\/2021\/09\/hg_MGL2747-300x208.jpg\" data-large-file=\"https:\/\/vlasovapawlica.de\/wp-content\/uploads\/2021\/09\/hg_MGL2747-1024x711.jpg\" src=\"https:\/\/vlasovapawlica.de\/wp-content\/uploads\/2021\/09\/hg_MGL2747-1024x711.jpg\" alt=\"\" class=\"wp-image-1045\" srcset=\"https:\/\/vlasovapawlica.de\/wp-content\/uploads\/2021\/09\/hg_MGL2747-1024x711.jpg 1024w, https:\/\/vlasovapawlica.de\/wp-content\/uploads\/2021\/09\/hg_MGL2747-300x208.jpg 300w, https:\/\/vlasovapawlica.de\/wp-content\/uploads\/2021\/09\/hg_MGL2747-768x533.jpg 768w, https:\/\/vlasovapawlica.de\/wp-content\/uploads\/2021\/09\/hg_MGL2747-1536x1066.jpg 1536w, https:\/\/vlasovapawlica.de\/wp-content\/uploads\/2021\/09\/hg_MGL2747-2048x1421.jpg 2048w, https:\/\/vlasovapawlica.de\/wp-content\/uploads\/2021\/09\/hg_MGL2747-1200x833.jpg 1200w, https:\/\/vlasovapawlica.de\/wp-content\/uploads\/2021\/09\/hg_MGL2747-1980x1374.jpg 1980w, https:\/\/vlasovapawlica.de\/wp-content\/uploads\/2021\/09\/hg_MGL2747-1320x916.jpg 1320w\" sizes=\"(max-width: 1024px) 100vw, 1024px\" \/><\/figure>\n\n\n\n<p><em>Fotos: Maciej Rusinek<\/em><\/p>\n<\/div>\n\n\n\n<div class=\"wp-block-column is-layout-flow wp-block-column-is-layout-flow\">\n<p><strong>Premiere:\u00a0<\/strong>11.12.2019, Theateratelier Offenbach<\/p>\n\n\n\n<p><em>EINE KOPRODUKTION VON VLASOVA \/ PAWLICA UND THEATERATELIER 14H OFFENBACH<\/em><\/p>\n\n\n\n<p><strong>Gef\u00f6rdert durch die Stadt Offenbach am Main, Theateratelier 14H,\u00a0PEX Performing Exchange Bundesverband Freie Darstellenden K\u00fcnste<\/strong><\/p>\n\n\n\n<p>Das M\u00e4rchen \u201eH\u00e4nsel und Gretel\u201c erz\u00e4hlt die Geschichte der beiden Geschwister welche von ihren Eltern im Wald ausgesetzt und von einer b\u00f6sen Hexe gefangen gehalten werden.&nbsp;<\/p>\n\n\n\n<p>Es beginnt damit, dass die Stiefmutter von H\u00e4nsel und Gretel ihren Mann, einem armen Holzf\u00e4ller, dazu \u00fcberredet, aufgrund der finanziellen Not, die beiden Kinder im Wald auszusetzen. Weil H\u00e4nsel die beiden bei ihrem Gespr\u00e4ch aber belauscht, wei\u00df er den Plan der Eltern zu umgehen. Beim ersten Ausflug, legt er wei\u00dfe Steine entlang des Weges, damit er und Gretel wieder nach Hause finden. Nachdem der Versuch die beiden auszusetzen missgl\u00fcckte, startet der Vater einen zweiten Versuch. Abermals, legt H\u00e4nsel eine Spur, allerdings besteht diese aus Brotkr\u00fcmeln und wird von den V\u00f6geln gefressen. Da sich die beiden Geschwister nun nicht mehr nach Hause finden, irren sie im Wald umher und sto\u00dfen dabei auf ein Haus aus Lebkuchen und Gep\u00e4ck. Die Bewohnerin dieses Hauses ist eine Hexe und nimmt H\u00e4nsel und Gretel gefangen. Wir begleiten die beiden Geschwister auf ihrem Abenteuer und sehen wie sie sich aus den F\u00e4ngen der Hexe befreien.&nbsp;<\/p>\n\n\n\n<p>Eine Geschichte \u00fcber Mut, Zusammenhalt und Hoffnung f\u00fcr die ganze Familie.<\/p>\n\n\n\n<p><strong>Tanz:<\/strong> Katerina Vlasova, Amadeus Pawlica<\/p>\n<\/div>\n<\/div>\n<div class=\"sharedaddy sd-sharing-enabled\"><div class=\"robots-nocontent sd-block sd-social sd-social-icon sd-sharing\"><h3 class=\"sd-title\">Teilen mit:<\/h3><div class=\"sd-content\"><ul><li class=\"share-twitter\"><a rel=\"nofollow noopener noreferrer\" data-shared=\"sharing-twitter-1041\" class=\"share-twitter sd-button share-icon no-text\" href=\"https:\/\/vlasovapawlica.de\/?page_id=1041&amp;share=twitter\" target=\"_blank\" title=\"Klick, um \u00fcber Twitter zu teilen\"><span><\/span><span class=\"sharing-screen-reader-text\">Klick, um \u00fcber Twitter zu teilen (Wird in neuem Fenster ge\u00f6ffnet)<\/span><\/a><\/li><li class=\"share-facebook\"><a rel=\"nofollow noopener noreferrer\" data-shared=\"sharing-facebook-1041\" class=\"share-facebook sd-button share-icon no-text\" href=\"https:\/\/vlasovapawlica.de\/?page_id=1041&amp;share=facebook\" target=\"_blank\" title=\"Klick, um auf Facebook zu teilen\"><span><\/span><span class=\"sharing-screen-reader-text\">Klick, um auf Facebook zu teilen (Wird in neuem Fenster ge\u00f6ffnet)<\/span><\/a><\/li><li class=\"share-end\"><\/li><\/ul><\/div><\/div><\/div>","protected":false},"excerpt":{"rendered":"<p>Fotos: Maciej Rusinek Premiere:\u00a011.12.2019, Theateratelier Offenbach EINE KOPRODUKTION VON VLASOVA \/ PAWLICA UND THEATERATELIER 14H OFFENBACH Gef\u00f6rdert durch die Stadt Offenbach am Main, Theateratelier 14H,\u00a0PEX Performing Exchange Bundesverband Freie Darstellenden K\u00fcnste Das M\u00e4rchen \u201eH\u00e4nsel und Gretel\u201c erz\u00e4hlt die Geschichte der beiden Geschwister welche von ihren Eltern im Wald ausgesetzt und von einer b\u00f6sen Hexe gefangen&hellip;<\/p>\n<div class=\"sharedaddy sd-sharing-enabled\"><div class=\"robots-nocontent sd-block sd-social sd-social-icon sd-sharing\"><h3 class=\"sd-title\">Teilen mit:<\/h3><div class=\"sd-content\"><ul><li class=\"share-twitter\"><a rel=\"nofollow noopener noreferrer\" data-shared=\"sharing-twitter-1041\" class=\"share-twitter sd-button share-icon no-text\" href=\"https:\/\/vlasovapawlica.de\/?page_id=1041&amp;share=twitter\" target=\"_blank\" title=\"Klick, um \u00fcber Twitter zu teilen\"><span><\/span><span class=\"sharing-screen-reader-text\">Klick, um \u00fcber Twitter zu teilen (Wird in neuem Fenster ge\u00f6ffnet)<\/span><\/a><\/li><li class=\"share-facebook\"><a rel=\"nofollow noopener noreferrer\" data-shared=\"sharing-facebook-1041\" class=\"share-facebook sd-button share-icon no-text\" href=\"https:\/\/vlasovapawlica.de\/?page_id=1041&amp;share=facebook\" target=\"_blank\" title=\"Klick, um auf Facebook zu teilen\"><span><\/span><span class=\"sharing-screen-reader-text\">Klick, um auf Facebook zu teilen (Wird in neuem Fenster ge\u00f6ffnet)<\/span><\/a><\/li><li class=\"share-end\"><\/li><\/ul><\/div><\/div><\/div>","protected":false},"author":1,"featured_media":0,"parent":0,"menu_order":11,"comment_status":"closed","ping_status":"closed","template":"","meta":{"_acf_changed":false,"spay_email":"","footnotes":""},"acf":[],"jetpack_likes_enabled":true,"jetpack_sharing_enabled":true,"jetpack_shortlink":"https:\/\/wp.me\/Pcv3L7-gN","_links":{"self":[{"href":"https:\/\/vlasovapawlica.de\/index.php?rest_route=\/wp\/v2\/pages\/1041"}],"collection":[{"href":"https:\/\/vlasovapawlica.de\/index.php?rest_route=\/wp\/v2\/pages"}],"about":[{"href":"https:\/\/vlasovapawlica.de\/index.php?rest_route=\/wp\/v2\/types\/page"}],"author":[{"embeddable":true,"href":"https:\/\/vlasovapawlica.de\/index.php?rest_route=\/wp\/v2\/users\/1"}],"replies":[{"embeddable":true,"href":"https:\/\/vlasovapawlica.de\/index.php?rest_route=%2Fwp%2Fv2%2Fcomments&post=1041"}],"version-history":[{"count":3,"href":"https:\/\/vlasovapawlica.de\/index.php?rest_route=\/wp\/v2\/pages\/1041\/revisions"}],"predecessor-version":[{"id":1047,"href":"https:\/\/vlasovapawlica.de\/index.php?rest_route=\/wp\/v2\/pages\/1041\/revisions\/1047"}],"wp:attachment":[{"href":"https:\/\/vlasovapawlica.de\/index.php?rest_route=%2Fwp%2Fv2%2Fmedia&parent=1041"}],"curies":[{"name":"wp","href":"https:\/\/api.w.org\/{rel}","templated":true}]}}